{"id":8446,"date":"2024-01-24T13:21:05","date_gmt":"2024-01-24T16:21:05","guid":{"rendered":"https:\/\/rafaelmeneguzzo.com.br\/?page_id=8446"},"modified":"2024-01-25T21:41:37","modified_gmt":"2024-01-26T00:41:37","slug":"catalogo-de-produtos","status":"publish","type":"page","link":"https:\/\/rafaelmeneguzzo.com.br\/en\/catalogo-de-produtos\/","title":{"rendered":"Product Catalog"},"content":{"rendered":"<div data-elementor-type=\"wp-page\" data-elementor-id=\"8446\" class=\"elementor elementor-8446\">\n\t\t\t\t\t\t<section class=\"elementor-section elementor-top-section elementor-element elementor-element-232fdd3 elementor-section-boxed elementor-section-height-default elementor-section-height-default\" data-id=\"232fdd3\" data-element_type=\"section\" data-e-type=\"section\">\n\t\t\t\t\t\t<div class=\"elementor-container elementor-column-gap-default\">\n\t\t\t\t\t<div class=\"elementor-column elementor-col-50 elementor-top-column elementor-element elementor-element-c92b918\" data-id=\"c92b918\" data-element_type=\"column\" data-e-type=\"column\">\n\t\t\t<div class=\"elementor-widget-wrap elementor-element-populated\">\n\t\t\t\t\t\t<div class=\"elementor-element elementor-element-c25d905 elementor-widget elementor-widget-heading\" data-id=\"c25d905\" data-element_type=\"widget\" data-e-type=\"widget\" data-widget_type=\"heading.default\">\n\t\t\t\t<div class=\"elementor-widget-container\">\n\t\t\t\t\t<h2 class=\"elementor-heading-title elementor-size-default\">Product Catalog<\/h2>\t\t\t\t<\/div>\n\t\t\t\t<\/div>\n\t\t\t\t<div class=\"elementor-element elementor-element-c3cd2d9 elementor-widget elementor-widget-text-editor\" data-id=\"c3cd2d9\" data-element_type=\"widget\" data-e-type=\"widget\" data-widget_type=\"text-editor.default\">\n\t\t\t\t<div class=\"elementor-widget-container\">\n\t\t\t\t\t\t\t\t\t<p>2024<\/p>\t\t\t\t\t\t\t\t<\/div>\n\t\t\t\t<\/div>\n\t\t\t\t<div class=\"elementor-element elementor-element-60c896c elementor-widget elementor-widget-text-editor\" data-id=\"60c896c\" data-element_type=\"widget\" data-e-type=\"widget\" data-widget_type=\"text-editor.default\">\n\t\t\t\t<div class=\"elementor-widget-container\">\n\t\t\t\t\t\t\t\t\t<p><em>Softwares:<\/em><\/p><p><i>Illustrator, Photoshop, Blender e Substance Painter<\/i><\/p>\t\t\t\t\t\t\t\t<\/div>\n\t\t\t\t<\/div>\n\t\t\t\t\t<\/div>\n\t\t<\/div>\n\t\t\t\t<div class=\"elementor-column elementor-col-50 elementor-top-column elementor-element elementor-element-956c086\" data-id=\"956c086\" data-element_type=\"column\" data-e-type=\"column\">\n\t\t\t<div class=\"elementor-widget-wrap elementor-element-populated\">\n\t\t\t\t\t\t<div class=\"elementor-element elementor-element-d99e3a5 elementor-widget elementor-widget-text-editor\" data-id=\"d99e3a5\" data-element_type=\"widget\" data-e-type=\"widget\" data-widget_type=\"text-editor.default\">\n\t\t\t\t<div class=\"elementor-widget-container\">\n\t\t\t\t\t\t\t\t\t<p>Digital creation of a three-fold product catalog for a leading company in the Brazilian market, specializing in plastic finishes for air conditioners.<\/p><p>Three versions were produced: (1) printed, (2) digital for computer, and (3) mobile.<\/p><p>The graphic development includes images produced in 3D, allowing precise variation of angles, lighting, and other components.<\/p><p>Development processes: reference search, wireframe, prototyping, color selection, and 2D\/3D development.<\/p>\t\t\t\t\t\t\t\t<\/div>\n\t\t\t\t<\/div>\n\t\t\t\t<section class=\"elementor-section elementor-inner-section elementor-element elementor-element-a7adcc9 elementor-section-full_width elementor-section-height-default elementor-section-height-default\" data-id=\"a7adcc9\" data-element_type=\"section\" data-e-type=\"section\">\n\t\t\t\t\t\t<div class=\"elementor-container elementor-column-gap-default\">\n\t\t\t\t\t<div class=\"elementor-column elementor-col-50 elementor-inner-column elementor-element elementor-element-967fbde\" data-id=\"967fbde\" data-element_type=\"column\" data-e-type=\"column\">\n\t\t\t<div class=\"elementor-widget-wrap elementor-element-populated\">\n\t\t\t\t\t\t<div class=\"elementor-element elementor-element-3305b94 elementor-mobile-align-left elementor-align-left elementor-widget elementor-widget-button\" data-id=\"3305b94\" data-element_type=\"widget\" data-e-type=\"widget\" data-widget_type=\"button.default\">\n\t\t\t\t<div class=\"elementor-widget-container\">\n\t\t\t\t\t\t\t\t\t<div class=\"elementor-button-wrapper\">\n\t\t\t\t\t<a class=\"elementor-button elementor-button-link elementor-size-xs\" href=\"https:\/\/rafaelmeneguzzo.com.br\/wp-content\/uploads\/2024\/01\/Catalogo-Controlbox-Canaleta-e-Acessorios-D.pdf\" target=\"_blank\" id=\"download\">\n\t\t\t\t\t\t<span class=\"elementor-button-content-wrapper\">\n\t\t\t\t\t\t\t\t\t<span class=\"elementor-button-text\">Desktop catalog<\/span>\n\t\t\t\t\t<\/span>\n\t\t\t\t\t<\/a>\n\t\t\t\t<\/div>\n\t\t\t\t\t\t\t\t<\/div>\n\t\t\t\t<\/div>\n\t\t\t\t\t<\/div>\n\t\t<\/div>\n\t\t\t\t<div class=\"elementor-column elementor-col-50 elementor-inner-column elementor-element elementor-element-acf9b35\" data-id=\"acf9b35\" data-element_type=\"column\" data-e-type=\"column\">\n\t\t\t<div class=\"elementor-widget-wrap elementor-element-populated\">\n\t\t\t\t\t\t<div class=\"elementor-element elementor-element-19446e1 elementor-mobile-align-left elementor-align-left elementor-widget__width-initial elementor-widget elementor-widget-button\" data-id=\"19446e1\" data-element_type=\"widget\" data-e-type=\"widget\" data-widget_type=\"button.default\">\n\t\t\t\t<div class=\"elementor-widget-container\">\n\t\t\t\t\t\t\t\t\t<div class=\"elementor-button-wrapper\">\n\t\t\t\t\t<a class=\"elementor-button elementor-button-link elementor-size-xs\" href=\"https:\/\/rafaelmeneguzzo.com.br\/wp-content\/uploads\/2024\/01\/Catalogo-Controlbox-Canaleta-e-Acessorios-M.pdf\" target=\"_blank\" id=\"download\">\n\t\t\t\t\t\t<span class=\"elementor-button-content-wrapper\">\n\t\t\t\t\t\t\t\t\t<span class=\"elementor-button-text\">Mobile catalog<\/span>\n\t\t\t\t\t<\/span>\n\t\t\t\t\t<\/a>\n\t\t\t\t<\/div>\n\t\t\t\t\t\t\t\t<\/div>\n\t\t\t\t<\/div>\n\t\t\t\t\t<\/div>\n\t\t<\/div>\n\t\t\t\t\t<\/div>\n\t\t<\/section>\n\t\t\t\t\t<\/div>\n\t\t<\/div>\n\t\t\t\t\t<\/div>\n\t\t<\/section>\n\t\t\t\t<section class=\"elementor-section elementor-top-section elementor-element elementor-element-7ec94b7d elementor-section-boxed elementor-section-height-default elementor-section-height-default\" data-id=\"7ec94b7d\" data-element_type=\"section\" data-e-type=\"section\">\n\t\t\t\t\t\t<div class=\"elementor-container elementor-column-gap-default\">\n\t\t\t\t\t<div class=\"elementor-column elementor-col-100 elementor-top-column elementor-element elementor-element-79cf1681\" data-id=\"79cf1681\" data-element_type=\"column\" data-e-type=\"column\">\n\t\t\t<div class=\"elementor-widget-wrap elementor-element-populated\">\n\t\t\t\t\t\t<div class=\"elementor-element elementor-element-60a294e6 elementor-widget elementor-widget-image\" data-id=\"60a294e6\" data-element_type=\"widget\" data-e-type=\"widget\" data-widget_type=\"image.default\">\n\t\t\t\t<div class=\"elementor-widget-container\">\n\t\t\t\t\t\t\t\t\t\t\t\t\t\t\t<img decoding=\"async\" src=\"https:\/\/rafaelmeneguzzo.com.br\/wp-content\/uploads\/elementor\/thumbs\/catalogo-de-produtos-1-qisfjk6eyhq0ohmnjjh9q0wfvbniteomq6ke8wdxdc.png\" title=\"catalogo-de-produtos-1\" alt=\"catalogo-de-produtos-1\" loading=\"lazy\" \/>\t\t\t\t\t\t\t\t\t\t\t\t\t\t\t<\/div>\n\t\t\t\t<\/div>\n\t\t\t\t<div class=\"elementor-element elementor-element-19f7147f elementor-widget elementor-widget-image\" data-id=\"19f7147f\" data-element_type=\"widget\" data-e-type=\"widget\" data-widget_type=\"image.default\">\n\t\t\t\t<div class=\"elementor-widget-container\">\n\t\t\t\t\t\t\t\t\t\t\t\t\t\t\t<img decoding=\"async\" src=\"https:\/\/rafaelmeneguzzo.com.br\/wp-content\/uploads\/elementor\/thumbs\/catalogo-de-produtos-2-qisfjz7tzualu90t3pzatx3tdhle8kcc4905xbrmls.png\" title=\"catalogo-de-produtos-2\" alt=\"catalogo-de-produtos-2\" loading=\"lazy\" \/>\t\t\t\t\t\t\t\t\t\t\t\t\t\t\t<\/div>\n\t\t\t\t<\/div>\n\t\t\t\t<div class=\"elementor-element elementor-element-5205119 elementor-widget elementor-widget-image\" data-id=\"5205119\" data-element_type=\"widget\" data-e-type=\"widget\" data-widget_type=\"image.default\">\n\t\t\t\t<div class=\"elementor-widget-container\">\n\t\t\t\t\t\t\t\t\t\t\t\t\t\t\t<img decoding=\"async\" src=\"https:\/\/rafaelmeneguzzo.com.br\/wp-content\/uploads\/elementor\/thumbs\/catalogo-de-produtos-3-qisfkiyfzd1mm284wgigsa4hukw3q7ip6ypd04ycz4.png\" title=\"catalogo-de-produtos-3\" alt=\"catalogo-de-produtos-3\" loading=\"lazy\" \/>\t\t\t\t\t\t\t\t\t\t\t\t\t\t\t<\/div>\n\t\t\t\t<\/div>\n\t\t\t\t<div class=\"elementor-element elementor-element-a030d06 elementor-widget elementor-widget-html\" data-id=\"a030d06\" data-element_type=\"widget\" data-e-type=\"widget\" data-widget_type=\"html.default\">\n\t\t\t\t<div class=\"elementor-widget-container\">\n\t\t\t\t\t<div class=\"sketchfab-embed-wrapper\"> <iframe style=\"border-radius: 10px\" title=\"Casa 3D Controlbox\" frameborder=\"0\" allowfullscreen mozallowfullscreen=\"true\" webkitallowfullscreen=\"true\" allow=\"autoplay; fullscreen; xr-spatial-tracking\" xr-spatial-tracking execution-while-out-of-viewport execution-while-not-rendered web-share width=\"1920\" height=\"500\" src=\"https:\/\/sketchfab.com\/models\/3186fb26037f4b1da2e734fbdbfc51cd\/embed?ui_theme=dark\"><\/iframe> <\/div>\t\t\t\t<\/div>\n\t\t\t\t<\/div>\n\t\t\t\t<div class=\"elementor-element elementor-element-4c02527 elementor-widget elementor-widget-image\" data-id=\"4c02527\" data-element_type=\"widget\" data-e-type=\"widget\" data-widget_type=\"image.default\">\n\t\t\t\t<div class=\"elementor-widget-container\">\n\t\t\t\t\t\t\t\t\t\t\t\t\t\t\t<img fetchpriority=\"high\" decoding=\"async\" width=\"1920\" height=\"878\" src=\"https:\/\/rafaelmeneguzzo.com.br\/wp-content\/uploads\/2024\/01\/catalogo-de-produtos-4.jpg\" class=\"attachment-full size-full wp-image-8492\" alt=\"\" srcset=\"https:\/\/rafaelmeneguzzo.com.br\/wp-content\/uploads\/2024\/01\/catalogo-de-produtos-4.jpg 1920w, https:\/\/rafaelmeneguzzo.com.br\/wp-content\/uploads\/2024\/01\/catalogo-de-produtos-4-1080x494.jpg 1080w, https:\/\/rafaelmeneguzzo.com.br\/wp-content\/uploads\/2024\/01\/catalogo-de-produtos-4-768x351.jpg 768w, https:\/\/rafaelmeneguzzo.com.br\/wp-content\/uploads\/2024\/01\/catalogo-de-produtos-4-1536x702.jpg 1536w, https:\/\/rafaelmeneguzzo.com.br\/wp-content\/uploads\/2024\/01\/catalogo-de-produtos-4-18x8.jpg 18w\" sizes=\"(max-width: 1920px) 100vw, 1920px\" \/>\t\t\t\t\t\t\t\t\t\t\t\t\t\t\t<\/div>\n\t\t\t\t<\/div>\n\t\t\t\t<div class=\"elementor-element elementor-element-9bf2c99 elementor-widget elementor-widget-image\" data-id=\"9bf2c99\" data-element_type=\"widget\" data-e-type=\"widget\" data-widget_type=\"image.default\">\n\t\t\t\t<div class=\"elementor-widget-container\">\n\t\t\t\t\t\t\t\t\t\t\t\t\t\t\t<img decoding=\"async\" width=\"1920\" height=\"658\" src=\"https:\/\/rafaelmeneguzzo.com.br\/wp-content\/uploads\/2024\/01\/catalogo-de-produtos-5.jpg\" class=\"attachment-full size-full wp-image-8491\" alt=\"\" srcset=\"https:\/\/rafaelmeneguzzo.com.br\/wp-content\/uploads\/2024\/01\/catalogo-de-produtos-5.jpg 1920w, https:\/\/rafaelmeneguzzo.com.br\/wp-content\/uploads\/2024\/01\/catalogo-de-produtos-5-1080x370.jpg 1080w, https:\/\/rafaelmeneguzzo.com.br\/wp-content\/uploads\/2024\/01\/catalogo-de-produtos-5-768x263.jpg 768w, https:\/\/rafaelmeneguzzo.com.br\/wp-content\/uploads\/2024\/01\/catalogo-de-produtos-5-1536x526.jpg 1536w, https:\/\/rafaelmeneguzzo.com.br\/wp-content\/uploads\/2024\/01\/catalogo-de-produtos-5-18x6.jpg 18w\" sizes=\"(max-width: 1920px) 100vw, 1920px\" \/>\t\t\t\t\t\t\t\t\t\t\t\t\t\t\t<\/div>\n\t\t\t\t<\/div>\n\t\t\t\t<div class=\"elementor-element elementor-element-8e58aed elementor-widget elementor-widget-image\" data-id=\"8e58aed\" data-element_type=\"widget\" data-e-type=\"widget\" data-widget_type=\"image.default\">\n\t\t\t\t<div class=\"elementor-widget-container\">\n\t\t\t\t\t\t\t\t\t\t\t\t\t\t\t<img decoding=\"async\" width=\"1920\" height=\"940\" src=\"https:\/\/rafaelmeneguzzo.com.br\/wp-content\/uploads\/2024\/01\/catalogo-de-produtos-6.jpg\" class=\"attachment-full size-full wp-image-8485\" alt=\"\" srcset=\"https:\/\/rafaelmeneguzzo.com.br\/wp-content\/uploads\/2024\/01\/catalogo-de-produtos-6.jpg 1920w, https:\/\/rafaelmeneguzzo.com.br\/wp-content\/uploads\/2024\/01\/catalogo-de-produtos-6-1080x529.jpg 1080w, https:\/\/rafaelmeneguzzo.com.br\/wp-content\/uploads\/2024\/01\/catalogo-de-produtos-6-768x376.jpg 768w, https:\/\/rafaelmeneguzzo.com.br\/wp-content\/uploads\/2024\/01\/catalogo-de-produtos-6-1536x752.jpg 1536w, https:\/\/rafaelmeneguzzo.com.br\/wp-content\/uploads\/2024\/01\/catalogo-de-produtos-6-18x9.jpg 18w\" sizes=\"(max-width: 1920px) 100vw, 1920px\" \/>\t\t\t\t\t\t\t\t\t\t\t\t\t\t\t<\/div>\n\t\t\t\t<\/div>\n\t\t\t\t\t<\/div>\n\t\t<\/div>\n\t\t\t\t\t<\/div>\n\t\t<\/section>\n\t\t\t\t<section class=\"elementor-section elementor-top-section elementor-element elementor-element-412df03c elementor-section-boxed elementor-section-height-default elementor-section-height-default\" data-id=\"412df03c\" data-element_type=\"section\" data-e-type=\"section\">\n\t\t\t\t\t\t<div class=\"elementor-container elementor-column-gap-default\">\n\t\t\t\t\t<div class=\"elementor-column elementor-col-100 elementor-top-column elementor-element elementor-element-5d8cace8\" data-id=\"5d8cace8\" data-element_type=\"column\" data-e-type=\"column\">\n\t\t\t<div class=\"elementor-widget-wrap elementor-element-populated\">\n\t\t\t\t\t\t<div class=\"elementor-element elementor-element-364b9d5 elementor-widget elementor-widget-image\" data-id=\"364b9d5\" data-element_type=\"widget\" data-e-type=\"widget\" data-widget_type=\"image.default\">\n\t\t\t\t<div class=\"elementor-widget-container\">\n\t\t\t\t\t\t\t\t\t\t\t\t\t\t\t<img loading=\"lazy\" decoding=\"async\" width=\"1919\" height=\"1056\" src=\"https:\/\/rafaelmeneguzzo.com.br\/wp-content\/uploads\/2024\/01\/catalogo-de-produtos-7.jpg\" class=\"attachment-full size-full wp-image-8490\" alt=\"\" srcset=\"https:\/\/rafaelmeneguzzo.com.br\/wp-content\/uploads\/2024\/01\/catalogo-de-produtos-7.jpg 1919w, https:\/\/rafaelmeneguzzo.com.br\/wp-content\/uploads\/2024\/01\/catalogo-de-produtos-7-1080x594.jpg 1080w, https:\/\/rafaelmeneguzzo.com.br\/wp-content\/uploads\/2024\/01\/catalogo-de-produtos-7-768x423.jpg 768w, https:\/\/rafaelmeneguzzo.com.br\/wp-content\/uploads\/2024\/01\/catalogo-de-produtos-7-1536x845.jpg 1536w, https:\/\/rafaelmeneguzzo.com.br\/wp-content\/uploads\/2024\/01\/catalogo-de-produtos-7-18x10.jpg 18w\" sizes=\"(max-width: 1919px) 100vw, 1919px\" \/>\t\t\t\t\t\t\t\t\t\t\t\t\t\t\t<\/div>\n\t\t\t\t<\/div>\n\t\t\t\t<div class=\"elementor-element elementor-element-6994be3 elementor-mobile-align-center elementor-align-center elementor-widget elementor-widget-button\" data-id=\"6994be3\" data-element_type=\"widget\" data-e-type=\"widget\" data-widget_type=\"button.default\">\n\t\t\t\t<div class=\"elementor-widget-container\">\n\t\t\t\t\t\t\t\t\t<div class=\"elementor-button-wrapper\">\n\t\t\t\t\t<a class=\"elementor-button elementor-button-link elementor-size-xs\" href=\"https:\/\/rafaelmeneguzzo.com.br\/en\/2d\/\" id=\"voltar\">\n\t\t\t\t\t\t<span class=\"elementor-button-content-wrapper\">\n\t\t\t\t\t\t\t\t\t<span class=\"elementor-button-text\">Back<\/span>\n\t\t\t\t\t<\/span>\n\t\t\t\t\t<\/a>\n\t\t\t\t<\/div>\n\t\t\t\t\t\t\t\t<\/div>\n\t\t\t\t<\/div>\n\t\t\t\t\t<\/div>\n\t\t<\/div>\n\t\t\t\t\t<\/div>\n\t\t<\/section>\n\t\t\t\t<\/div>","protected":false},"excerpt":{"rendered":"<p>Cat\u00e1logo de Produtos 2024 Softwares: Illustrator, Photoshop, Blender e Substance Painter Cria\u00e7\u00e3o digital de um cat\u00e1logo de produtos, com duas dobras, para uma empresa refer\u00eancia no mercado brasileiro, em acabamentos pl\u00e1sticos para tubula\u00e7\u00f5es de split. Tr\u00eas vers\u00f5es foram produzidas: (1) impressa, (2) digital para computador e (3) celular. O desenvolvimento gr\u00e1fico conta com imagens produzidas [&hellip;]<\/p>\n","protected":false},"author":1,"featured_media":0,"parent":0,"menu_order":0,"comment_status":"closed","ping_status":"closed","template":"elementor_header_footer","meta":{"footnotes":""},"class_list":["post-8446","page","type-page","status-publish","hentry"],"aioseo_notices":[],"_links":{"self":[{"href":"https:\/\/rafaelmeneguzzo.com.br\/en\/wp-json\/wp\/v2\/pages\/8446","targetHints":{"allow":["GET"]}}],"collection":[{"href":"https:\/\/rafaelmeneguzzo.com.br\/en\/wp-json\/wp\/v2\/pages"}],"about":[{"href":"https:\/\/rafaelmeneguzzo.com.br\/en\/wp-json\/wp\/v2\/types\/page"}],"author":[{"embeddable":true,"href":"https:\/\/rafaelmeneguzzo.com.br\/en\/wp-json\/wp\/v2\/users\/1"}],"replies":[{"embeddable":true,"href":"https:\/\/rafaelmeneguzzo.com.br\/en\/wp-json\/wp\/v2\/comments?post=8446"}],"version-history":[{"count":62,"href":"https:\/\/rafaelmeneguzzo.com.br\/en\/wp-json\/wp\/v2\/pages\/8446\/revisions"}],"predecessor-version":[{"id":8531,"href":"https:\/\/rafaelmeneguzzo.com.br\/en\/wp-json\/wp\/v2\/pages\/8446\/revisions\/8531"}],"wp:attachment":[{"href":"https:\/\/rafaelmeneguzzo.com.br\/en\/wp-json\/wp\/v2\/media?parent=8446"}],"curies":[{"name":"wp","href":"https:\/\/api.w.org\/{rel}","templated":true}]}}