{"id":7947,"date":"2023-12-23T14:09:37","date_gmt":"2023-12-23T17:09:37","guid":{"rendered":"https:\/\/rafaelmeneguzzo.com.br\/?page_id=7947"},"modified":"2023-12-26T11:59:35","modified_gmt":"2023-12-26T14:59:35","slug":"app-de-radio","status":"publish","type":"page","link":"https:\/\/rafaelmeneguzzo.com.br\/en\/app-de-radio\/","title":{"rendered":"Radio App (UCSfm)"},"content":{"rendered":"<div data-elementor-type=\"wp-page\" data-elementor-id=\"7947\" class=\"elementor elementor-7947\">\n\t\t\t\t\t\t<section class=\"elementor-section elementor-top-section elementor-element elementor-element-232fdd3 elementor-section-boxed elementor-section-height-default elementor-section-height-default\" data-id=\"232fdd3\" data-element_type=\"section\" data-e-type=\"section\">\n\t\t\t\t\t\t<div class=\"elementor-container elementor-column-gap-default\">\n\t\t\t\t\t<div class=\"elementor-column elementor-col-50 elementor-top-column elementor-element elementor-element-c92b918\" data-id=\"c92b918\" data-element_type=\"column\" data-e-type=\"column\">\n\t\t\t<div class=\"elementor-widget-wrap elementor-element-populated\">\n\t\t\t\t\t\t<div class=\"elementor-element elementor-element-c25d905 elementor-widget elementor-widget-heading\" data-id=\"c25d905\" data-element_type=\"widget\" data-e-type=\"widget\" data-widget_type=\"heading.default\">\n\t\t\t\t<div class=\"elementor-widget-container\">\n\t\t\t\t\t<h2 class=\"elementor-heading-title elementor-size-default\">Radio App<\/h2>\t\t\t\t<\/div>\n\t\t\t\t<\/div>\n\t\t\t\t<div class=\"elementor-element elementor-element-c3cd2d9 elementor-widget elementor-widget-text-editor\" data-id=\"c3cd2d9\" data-element_type=\"widget\" data-e-type=\"widget\" data-widget_type=\"text-editor.default\">\n\t\t\t\t<div class=\"elementor-widget-container\">\n\t\t\t\t\t\t\t\t\t<p>2023<\/p>\t\t\t\t\t\t\t\t<\/div>\n\t\t\t\t<\/div>\n\t\t\t\t<div class=\"elementor-element elementor-element-60c896c elementor-widget elementor-widget-text-editor\" data-id=\"60c896c\" data-element_type=\"widget\" data-e-type=\"widget\" data-widget_type=\"text-editor.default\">\n\t\t\t\t<div class=\"elementor-widget-container\">\n\t\t\t\t\t\t\t\t\t<p><em>Softwares:<\/em><\/p><p><i>Figma<\/i><\/p>\t\t\t\t\t\t\t\t<\/div>\n\t\t\t\t<\/div>\n\t\t\t\t\t<\/div>\n\t\t<\/div>\n\t\t\t\t<div class=\"elementor-column elementor-col-50 elementor-top-column elementor-element elementor-element-956c086\" data-id=\"956c086\" data-element_type=\"column\" data-e-type=\"column\">\n\t\t\t<div class=\"elementor-widget-wrap elementor-element-populated\">\n\t\t\t\t\t\t<div class=\"elementor-element elementor-element-d99e3a5 elementor-widget elementor-widget-text-editor\" data-id=\"d99e3a5\" data-element_type=\"widget\" data-e-type=\"widget\" data-widget_type=\"text-editor.default\">\n\t\t\t\t<div class=\"elementor-widget-container\">\n\t\t\t\t\t\t\t\t\t<p>Prototyping an app for the University of Caxias do Sul's radio station, UCSfm.<\/p><p>An academic project aimed at applying Human-Computer Interaction (HCI) techniques.<\/p>\t\t\t\t\t\t\t\t<\/div>\n\t\t\t\t<\/div>\n\t\t\t\t\t<\/div>\n\t\t<\/div>\n\t\t\t\t\t<\/div>\n\t\t<\/section>\n\t\t\t\t<section class=\"elementor-section elementor-top-section elementor-element elementor-element-7ec94b7d elementor-section-boxed elementor-section-height-default elementor-section-height-default\" data-id=\"7ec94b7d\" data-element_type=\"section\" data-e-type=\"section\">\n\t\t\t\t\t\t<div class=\"elementor-container elementor-column-gap-default\">\n\t\t\t\t\t<div class=\"elementor-column elementor-col-100 elementor-top-column elementor-element elementor-element-79cf1681\" data-id=\"79cf1681\" data-element_type=\"column\" data-e-type=\"column\">\n\t\t\t<div class=\"elementor-widget-wrap elementor-element-populated\">\n\t\t\t\t\t\t<div class=\"elementor-element elementor-element-fa93bd9 elementor-widget elementor-widget-video\" data-id=\"fa93bd9\" data-element_type=\"widget\" data-e-type=\"widget\" data-settings=\"{&quot;youtube_url&quot;:&quot;https:\\\/\\\/youtu.be\\\/0ZywM82ZfPE&quot;,&quot;autoplay&quot;:&quot;yes&quot;,&quot;loop&quot;:&quot;yes&quot;,&quot;mute&quot;:&quot;yes&quot;,&quot;video_type&quot;:&quot;youtube&quot;,&quot;controls&quot;:&quot;yes&quot;}\" data-widget_type=\"video.default\">\n\t\t\t\t<div class=\"elementor-widget-container\">\n\t\t\t\t\t\t\t<div class=\"elementor-wrapper elementor-open-inline\">\n\t\t\t<div class=\"elementor-video\"><\/div>\t\t<\/div>\n\t\t\t\t\t\t<\/div>\n\t\t\t\t<\/div>\n\t\t\t\t<div class=\"elementor-element elementor-element-60a294e6 elementor-widget elementor-widget-image\" data-id=\"60a294e6\" data-element_type=\"widget\" data-e-type=\"widget\" data-widget_type=\"image.default\">\n\t\t\t\t<div class=\"elementor-widget-container\">\n\t\t\t\t\t\t\t\t\t\t\t\t\t\t\t<img fetchpriority=\"high\" decoding=\"async\" width=\"1920\" height=\"1080\" src=\"https:\/\/rafaelmeneguzzo.com.br\/wp-content\/uploads\/2023\/12\/radio-ucsfm-2.jpg\" class=\"attachment-full size-full wp-image-7945\" alt=\"\" srcset=\"https:\/\/rafaelmeneguzzo.com.br\/wp-content\/uploads\/2023\/12\/radio-ucsfm-2.jpg 1920w, https:\/\/rafaelmeneguzzo.com.br\/wp-content\/uploads\/2023\/12\/radio-ucsfm-2-1080x608.jpg 1080w, https:\/\/rafaelmeneguzzo.com.br\/wp-content\/uploads\/2023\/12\/radio-ucsfm-2-768x432.jpg 768w, https:\/\/rafaelmeneguzzo.com.br\/wp-content\/uploads\/2023\/12\/radio-ucsfm-2-1536x864.jpg 1536w, https:\/\/rafaelmeneguzzo.com.br\/wp-content\/uploads\/2023\/12\/radio-ucsfm-2-18x10.jpg 18w\" sizes=\"(max-width: 1920px) 100vw, 1920px\" \/>\t\t\t\t\t\t\t\t\t\t\t\t\t\t\t<\/div>\n\t\t\t\t<\/div>\n\t\t\t\t<div class=\"elementor-element elementor-element-c2a9492 elementor-widget elementor-widget-image\" data-id=\"c2a9492\" data-element_type=\"widget\" data-e-type=\"widget\" data-widget_type=\"image.default\">\n\t\t\t\t<div class=\"elementor-widget-container\">\n\t\t\t\t\t\t\t\t\t\t\t\t\t\t\t<img decoding=\"async\" src=\"https:\/\/rafaelmeneguzzo.com.br\/wp-content\/uploads\/elementor\/thumbs\/radio-ucsfm-3-qhmgjbkfkdde9f79dgtt7q5karsj4rdv9snh028dv4.jpg\" title=\"radio-ucsfm-3\" alt=\"radio-ucsfm-3\" loading=\"lazy\" \/>\t\t\t\t\t\t\t\t\t\t\t\t\t\t\t<\/div>\n\t\t\t\t<\/div>\n\t\t\t\t<div class=\"elementor-element elementor-element-7cbb0c2 elementor-widget elementor-widget-image\" data-id=\"7cbb0c2\" data-element_type=\"widget\" data-e-type=\"widget\" data-widget_type=\"image.default\">\n\t\t\t\t<div class=\"elementor-widget-container\">\n\t\t\t\t\t\t\t\t\t\t\t\t\t\t\t<img decoding=\"async\" src=\"https:\/\/rafaelmeneguzzo.com.br\/wp-content\/uploads\/elementor\/thumbs\/radio-ucsfm-4-qhmgjbkfkdde9f79dgtt7q5karsj4rdv9snh028dv4.jpg\" title=\"radio-ucsfm-4\" alt=\"radio-ucsfm-4\" loading=\"lazy\" \/>\t\t\t\t\t\t\t\t\t\t\t\t\t\t\t<\/div>\n\t\t\t\t<\/div>\n\t\t\t\t\t<\/div>\n\t\t<\/div>\n\t\t\t\t\t<\/div>\n\t\t<\/section>\n\t\t\t\t<section class=\"elementor-section elementor-top-section elementor-element elementor-element-412df03c elementor-section-boxed elementor-section-height-default elementor-section-height-default\" data-id=\"412df03c\" data-element_type=\"section\" data-e-type=\"section\">\n\t\t\t\t\t\t<div class=\"elementor-container elementor-column-gap-default\">\n\t\t\t\t\t<div class=\"elementor-column elementor-col-100 elementor-top-column elementor-element elementor-element-5d8cace8\" data-id=\"5d8cace8\" data-element_type=\"column\" data-e-type=\"column\">\n\t\t\t<div class=\"elementor-widget-wrap elementor-element-populated\">\n\t\t\t\t\t\t<div class=\"elementor-element elementor-element-2fedffd0 elementor-widget elementor-widget-image\" data-id=\"2fedffd0\" data-element_type=\"widget\" data-e-type=\"widget\" data-widget_type=\"image.default\">\n\t\t\t\t<div class=\"elementor-widget-container\">\n\t\t\t\t\t\t\t\t\t\t\t\t\t\t\t<img decoding=\"async\" src=\"https:\/\/rafaelmeneguzzo.com.br\/wp-content\/uploads\/elementor\/thumbs\/radio-ucsfm-5-qhmgjbkfkdde9f79dgtt7q5karsj4rdv9snh028dv4.jpg\" title=\"radio-ucsfm-5\" alt=\"radio-ucsfm-5\" loading=\"lazy\" \/>\t\t\t\t\t\t\t\t\t\t\t\t\t\t\t<\/div>\n\t\t\t\t<\/div>\n\t\t\t\t<div class=\"elementor-element elementor-element-2f98bc4 elementor-mobile-align-center elementor-align-center elementor-widget elementor-widget-button\" data-id=\"2f98bc4\" data-element_type=\"widget\" data-e-type=\"widget\" data-widget_type=\"button.default\">\n\t\t\t\t<div class=\"elementor-widget-container\">\n\t\t\t\t\t\t\t\t\t<div class=\"elementor-button-wrapper\">\n\t\t\t\t\t<a class=\"elementor-button elementor-button-link elementor-size-xs\" href=\"https:\/\/rafaelmeneguzzo.com.br\/en\/2d\/\" id=\"voltar\">\n\t\t\t\t\t\t<span class=\"elementor-button-content-wrapper\">\n\t\t\t\t\t\t\t\t\t<span class=\"elementor-button-text\">Back<\/span>\n\t\t\t\t\t<\/span>\n\t\t\t\t\t<\/a>\n\t\t\t\t<\/div>\n\t\t\t\t\t\t\t\t<\/div>\n\t\t\t\t<\/div>\n\t\t\t\t\t<\/div>\n\t\t<\/div>\n\t\t\t\t\t<\/div>\n\t\t<\/section>\n\t\t\t\t<\/div>","protected":false},"excerpt":{"rendered":"<p>Aplicativo de R\u00e1dio 2023 Softwares: Figma Prototipa\u00e7\u00e3o de um app para a r\u00e1dio da Universidade de Caxias do Sul, a UCSfm. Projeto acad\u00eamico que visou aplicar t\u00e9cnicas de Interface Humano Computador (IHC). https:\/\/youtu.be\/0ZywM82ZfPE Voltar<\/p>","protected":false},"author":1,"featured_media":0,"parent":0,"menu_order":0,"comment_status":"closed","ping_status":"closed","template":"elementor_header_footer","meta":{"footnotes":""},"class_list":["post-7947","page","type-page","status-publish","hentry"],"aioseo_notices":[],"_links":{"self":[{"href":"https:\/\/rafaelmeneguzzo.com.br\/en\/wp-json\/wp\/v2\/pages\/7947","targetHints":{"allow":["GET"]}}],"collection":[{"href":"https:\/\/rafaelmeneguzzo.com.br\/en\/wp-json\/wp\/v2\/pages"}],"about":[{"href":"https:\/\/rafaelmeneguzzo.com.br\/en\/wp-json\/wp\/v2\/types\/page"}],"author":[{"embeddable":true,"href":"https:\/\/rafaelmeneguzzo.com.br\/en\/wp-json\/wp\/v2\/users\/1"}],"replies":[{"embeddable":true,"href":"https:\/\/rafaelmeneguzzo.com.br\/en\/wp-json\/wp\/v2\/comments?post=7947"}],"version-history":[{"count":11,"href":"https:\/\/rafaelmeneguzzo.com.br\/en\/wp-json\/wp\/v2\/pages\/7947\/revisions"}],"predecessor-version":[{"id":8272,"href":"https:\/\/rafaelmeneguzzo.com.br\/en\/wp-json\/wp\/v2\/pages\/7947\/revisions\/8272"}],"wp:attachment":[{"href":"https:\/\/rafaelmeneguzzo.com.br\/en\/wp-json\/wp\/v2\/media?parent=7947"}],"curies":[{"name":"wp","href":"https:\/\/api.w.org\/{rel}","templated":true}]}}