{"id":7893,"date":"2023-12-23T13:35:31","date_gmt":"2023-12-23T16:35:31","guid":{"rendered":"https:\/\/rafaelmeneguzzo.com.br\/?page_id=7893"},"modified":"2023-12-26T12:00:03","modified_gmt":"2023-12-26T15:00:03","slug":"flyer-canaletas-para-solar","status":"publish","type":"page","link":"https:\/\/rafaelmeneguzzo.com.br\/en\/flyer-canaletas-para-solar\/","title":{"rendered":"Flyer for Solar Channels"},"content":{"rendered":"<div data-elementor-type=\"wp-page\" data-elementor-id=\"7893\" class=\"elementor elementor-7893\">\n\t\t\t\t\t\t<section class=\"elementor-section elementor-top-section elementor-element elementor-element-232fdd3 elementor-section-boxed elementor-section-height-default elementor-section-height-default\" data-id=\"232fdd3\" data-element_type=\"section\" data-e-type=\"section\">\n\t\t\t\t\t\t<div class=\"elementor-container elementor-column-gap-default\">\n\t\t\t\t\t<div class=\"elementor-column elementor-col-50 elementor-top-column elementor-element elementor-element-c92b918\" data-id=\"c92b918\" data-element_type=\"column\" data-e-type=\"column\">\n\t\t\t<div class=\"elementor-widget-wrap elementor-element-populated\">\n\t\t\t\t\t\t<div class=\"elementor-element elementor-element-c25d905 elementor-widget elementor-widget-heading\" data-id=\"c25d905\" data-element_type=\"widget\" data-e-type=\"widget\" data-widget_type=\"heading.default\">\n\t\t\t\t<div class=\"elementor-widget-container\">\n\t\t\t\t\t<h2 class=\"elementor-heading-title elementor-size-default\">Flyer de Canaletas para Solar<\/h2>\t\t\t\t<\/div>\n\t\t\t\t<\/div>\n\t\t\t\t<div class=\"elementor-element elementor-element-c3cd2d9 elementor-widget elementor-widget-text-editor\" data-id=\"c3cd2d9\" data-element_type=\"widget\" data-e-type=\"widget\" data-widget_type=\"text-editor.default\">\n\t\t\t\t<div class=\"elementor-widget-container\">\n\t\t\t\t\t\t\t\t\t<p>2022<\/p>\t\t\t\t\t\t\t\t<\/div>\n\t\t\t\t<\/div>\n\t\t\t\t<div class=\"elementor-element elementor-element-60c896c elementor-widget elementor-widget-text-editor\" data-id=\"60c896c\" data-element_type=\"widget\" data-e-type=\"widget\" data-widget_type=\"text-editor.default\">\n\t\t\t\t<div class=\"elementor-widget-container\">\n\t\t\t\t\t\t\t\t\t<p><em>Softwares:<\/em><\/p><p><i>Blender, Photoshop e Illustrator<\/i><\/p>\t\t\t\t\t\t\t\t<\/div>\n\t\t\t\t<\/div>\n\t\t\t\t\t<\/div>\n\t\t<\/div>\n\t\t\t\t<div class=\"elementor-column elementor-col-50 elementor-top-column elementor-element elementor-element-956c086\" data-id=\"956c086\" data-element_type=\"column\" data-e-type=\"column\">\n\t\t\t<div class=\"elementor-widget-wrap elementor-element-populated\">\n\t\t\t\t\t\t<div class=\"elementor-element elementor-element-d99e3a5 elementor-widget elementor-widget-text-editor\" data-id=\"d99e3a5\" data-element_type=\"widget\" data-e-type=\"widget\" data-widget_type=\"text-editor.default\">\n\t\t\t\t<div class=\"elementor-widget-container\">\n\t\t\t\t\t\t\t\t\t<p>Digital creation of a flyer presenting a new practical application for the product.<\/p>\t\t\t\t\t\t\t\t<\/div>\n\t\t\t\t<\/div>\n\t\t\t\t<div class=\"elementor-element elementor-element-3305b94 elementor-mobile-align-left elementor-align-left elementor-widget elementor-widget-button\" data-id=\"3305b94\" data-element_type=\"widget\" data-e-type=\"widget\" data-widget_type=\"button.default\">\n\t\t\t\t<div class=\"elementor-widget-container\">\n\t\t\t\t\t\t\t\t\t<div class=\"elementor-button-wrapper\">\n\t\t\t\t\t<a class=\"elementor-button elementor-button-link elementor-size-xs\" href=\"https:\/\/rafaelmeneguzzo.com.br\/wp-content\/uploads\/2023\/12\/Canaletas-para-Solar.pdf\" target=\"_blank\" id=\"download\">\n\t\t\t\t\t\t<span class=\"elementor-button-content-wrapper\">\n\t\t\t\t\t\t\t\t\t<span class=\"elementor-button-text\">View flyer<\/span>\n\t\t\t\t\t<\/span>\n\t\t\t\t\t<\/a>\n\t\t\t\t<\/div>\n\t\t\t\t\t\t\t\t<\/div>\n\t\t\t\t<\/div>\n\t\t\t\t\t<\/div>\n\t\t<\/div>\n\t\t\t\t\t<\/div>\n\t\t<\/section>\n\t\t\t\t<section class=\"elementor-section elementor-top-section elementor-element elementor-element-7ec94b7d elementor-section-boxed elementor-section-height-default elementor-section-height-default\" data-id=\"7ec94b7d\" data-element_type=\"section\" data-e-type=\"section\">\n\t\t\t\t\t\t<div class=\"elementor-container elementor-column-gap-default\">\n\t\t\t\t\t<div class=\"elementor-column elementor-col-100 elementor-top-column elementor-element elementor-element-79cf1681\" data-id=\"79cf1681\" data-element_type=\"column\" data-e-type=\"column\">\n\t\t\t<div class=\"elementor-widget-wrap elementor-element-populated\">\n\t\t\t\t\t\t<div class=\"elementor-element elementor-element-60a294e6 elementor-widget elementor-widget-image\" data-id=\"60a294e6\" data-element_type=\"widget\" data-e-type=\"widget\" data-widget_type=\"image.default\">\n\t\t\t\t<div class=\"elementor-widget-container\">\n\t\t\t\t\t\t\t\t\t\t\t\t\t\t\t<img decoding=\"async\" src=\"https:\/\/rafaelmeneguzzo.com.br\/wp-content\/uploads\/elementor\/thumbs\/flyer-canaleta-solar-banner-qhmgjbkfkdde9f79dgtt7q5karsj4rdv9snh028dv4.jpg\" title=\"flyer-canaleta-solar-banner\" alt=\"flyer-canaleta-solar-banner\" loading=\"lazy\" \/>\t\t\t\t\t\t\t\t\t\t\t\t\t\t\t<\/div>\n\t\t\t\t<\/div>\n\t\t\t\t<div class=\"elementor-element elementor-element-d6192d9 elementor-widget elementor-widget-video\" data-id=\"d6192d9\" data-element_type=\"widget\" data-e-type=\"widget\" data-settings=\"{&quot;youtube_url&quot;:&quot;https:\\\/\\\/youtu.be\\\/Kn8-dYcGIKU&quot;,&quot;autoplay&quot;:&quot;yes&quot;,&quot;mute&quot;:&quot;yes&quot;,&quot;loop&quot;:&quot;yes&quot;,&quot;video_type&quot;:&quot;youtube&quot;,&quot;controls&quot;:&quot;yes&quot;}\" data-widget_type=\"video.default\">\n\t\t\t\t<div class=\"elementor-widget-container\">\n\t\t\t\t\t\t\t<div class=\"elementor-wrapper elementor-open-inline\">\n\t\t\t<div class=\"elementor-video\"><\/div>\t\t<\/div>\n\t\t\t\t\t\t<\/div>\n\t\t\t\t<\/div>\n\t\t\t\t\t<\/div>\n\t\t<\/div>\n\t\t\t\t\t<\/div>\n\t\t<\/section>\n\t\t\t\t<section class=\"elementor-section elementor-top-section elementor-element elementor-element-412df03c elementor-section-boxed elementor-section-height-default elementor-section-height-default\" data-id=\"412df03c\" data-element_type=\"section\" data-e-type=\"section\">\n\t\t\t\t\t\t<div class=\"elementor-container elementor-column-gap-default\">\n\t\t\t\t\t<div class=\"elementor-column elementor-col-100 elementor-top-column elementor-element elementor-element-5d8cace8\" data-id=\"5d8cace8\" data-element_type=\"column\" data-e-type=\"column\">\n\t\t\t<div class=\"elementor-widget-wrap elementor-element-populated\">\n\t\t\t\t\t\t<div class=\"elementor-element elementor-element-19f7147f elementor-widget elementor-widget-image\" data-id=\"19f7147f\" data-element_type=\"widget\" data-e-type=\"widget\" data-widget_type=\"image.default\">\n\t\t\t\t<div class=\"elementor-widget-container\">\n\t\t\t\t\t\t\t\t\t\t\t\t\t\t\t<img fetchpriority=\"high\" decoding=\"async\" width=\"1920\" height=\"972\" src=\"https:\/\/rafaelmeneguzzo.com.br\/wp-content\/uploads\/2023\/12\/assets1.jpg\" class=\"attachment-full size-full wp-image-7892\" alt=\"\" srcset=\"https:\/\/rafaelmeneguzzo.com.br\/wp-content\/uploads\/2023\/12\/assets1.jpg 1920w, https:\/\/rafaelmeneguzzo.com.br\/wp-content\/uploads\/2023\/12\/assets1-1080x547.jpg 1080w, https:\/\/rafaelmeneguzzo.com.br\/wp-content\/uploads\/2023\/12\/assets1-768x389.jpg 768w, https:\/\/rafaelmeneguzzo.com.br\/wp-content\/uploads\/2023\/12\/assets1-1536x778.jpg 1536w, https:\/\/rafaelmeneguzzo.com.br\/wp-content\/uploads\/2023\/12\/assets1-18x9.jpg 18w\" sizes=\"(max-width: 1920px) 100vw, 1920px\" \/>\t\t\t\t\t\t\t\t\t\t\t\t\t\t\t<\/div>\n\t\t\t\t<\/div>\n\t\t\t\t<div class=\"elementor-element elementor-element-f64d64e elementor-mobile-align-center elementor-align-center elementor-widget elementor-widget-button\" data-id=\"f64d64e\" data-element_type=\"widget\" data-e-type=\"widget\" data-widget_type=\"button.default\">\n\t\t\t\t<div class=\"elementor-widget-container\">\n\t\t\t\t\t\t\t\t\t<div class=\"elementor-button-wrapper\">\n\t\t\t\t\t<a class=\"elementor-button elementor-button-link elementor-size-xs\" href=\"https:\/\/rafaelmeneguzzo.com.br\/en\/2d\/\" id=\"voltar\">\n\t\t\t\t\t\t<span class=\"elementor-button-content-wrapper\">\n\t\t\t\t\t\t\t\t\t<span class=\"elementor-button-text\">Back<\/span>\n\t\t\t\t\t<\/span>\n\t\t\t\t\t<\/a>\n\t\t\t\t<\/div>\n\t\t\t\t\t\t\t\t<\/div>\n\t\t\t\t<\/div>\n\t\t\t\t\t<\/div>\n\t\t<\/div>\n\t\t\t\t\t<\/div>\n\t\t<\/section>\n\t\t\t\t<\/div>","protected":false},"excerpt":{"rendered":"<p>Flyer de Canaletas para Solar 2022 Softwares: Blender, Photoshop e Illustrator Cria\u00e7\u00e3o digital de um flyer que apresenta uma nova aplica\u00e7\u00e3o, de forma pr\u00e1tica, para o produto. Ver flyer Voltar<\/p>","protected":false},"author":1,"featured_media":0,"parent":0,"menu_order":0,"comment_status":"closed","ping_status":"closed","template":"elementor_header_footer","meta":{"footnotes":""},"class_list":["post-7893","page","type-page","status-publish","hentry"],"aioseo_notices":[],"_links":{"self":[{"href":"https:\/\/rafaelmeneguzzo.com.br\/en\/wp-json\/wp\/v2\/pages\/7893","targetHints":{"allow":["GET"]}}],"collection":[{"href":"https:\/\/rafaelmeneguzzo.com.br\/en\/wp-json\/wp\/v2\/pages"}],"about":[{"href":"https:\/\/rafaelmeneguzzo.com.br\/en\/wp-json\/wp\/v2\/types\/page"}],"author":[{"embeddable":true,"href":"https:\/\/rafaelmeneguzzo.com.br\/en\/wp-json\/wp\/v2\/users\/1"}],"replies":[{"embeddable":true,"href":"https:\/\/rafaelmeneguzzo.com.br\/en\/wp-json\/wp\/v2\/comments?post=7893"}],"version-history":[{"count":17,"href":"https:\/\/rafaelmeneguzzo.com.br\/en\/wp-json\/wp\/v2\/pages\/7893\/revisions"}],"predecessor-version":[{"id":8278,"href":"https:\/\/rafaelmeneguzzo.com.br\/en\/wp-json\/wp\/v2\/pages\/7893\/revisions\/8278"}],"wp:attachment":[{"href":"https:\/\/rafaelmeneguzzo.com.br\/en\/wp-json\/wp\/v2\/media?parent=7893"}],"curies":[{"name":"wp","href":"https:\/\/api.w.org\/{rel}","templated":true}]}}