{"id":7858,"date":"2023-12-23T13:19:53","date_gmt":"2023-12-23T16:19:53","guid":{"rendered":"https:\/\/rafaelmeneguzzo.com.br\/?page_id=7858"},"modified":"2023-12-26T12:00:43","modified_gmt":"2023-12-26T15:00:43","slug":"producao-audiovisual","status":"publish","type":"page","link":"https:\/\/rafaelmeneguzzo.com.br\/en\/producao-audiovisual\/","title":{"rendered":"Audiovisual Production"},"content":{"rendered":"<div data-elementor-type=\"wp-page\" data-elementor-id=\"7858\" class=\"elementor elementor-7858\">\n\t\t\t\t\t\t<section class=\"elementor-section elementor-top-section elementor-element elementor-element-232fdd3 elementor-section-boxed elementor-section-height-default elementor-section-height-default\" data-id=\"232fdd3\" data-element_type=\"section\" data-e-type=\"section\">\n\t\t\t\t\t\t<div class=\"elementor-container elementor-column-gap-default\">\n\t\t\t\t\t<div class=\"elementor-column elementor-col-50 elementor-top-column elementor-element elementor-element-c92b918\" data-id=\"c92b918\" data-element_type=\"column\" data-e-type=\"column\">\n\t\t\t<div class=\"elementor-widget-wrap elementor-element-populated\">\n\t\t\t\t\t\t<div class=\"elementor-element elementor-element-c25d905 elementor-widget elementor-widget-heading\" data-id=\"c25d905\" data-element_type=\"widget\" data-e-type=\"widget\" data-widget_type=\"heading.default\">\n\t\t\t\t<div class=\"elementor-widget-container\">\n\t\t\t\t\t<h2 class=\"elementor-heading-title elementor-size-default\">Audiovisual Production<\/h2>\t\t\t\t<\/div>\n\t\t\t\t<\/div>\n\t\t\t\t<div class=\"elementor-element elementor-element-c3cd2d9 elementor-widget elementor-widget-text-editor\" data-id=\"c3cd2d9\" data-element_type=\"widget\" data-e-type=\"widget\" data-widget_type=\"text-editor.default\">\n\t\t\t\t<div class=\"elementor-widget-container\">\n\t\t\t\t\t\t\t\t\t<p>2021<\/p>\t\t\t\t\t\t\t\t<\/div>\n\t\t\t\t<\/div>\n\t\t\t\t<div class=\"elementor-element elementor-element-60c896c elementor-widget elementor-widget-text-editor\" data-id=\"60c896c\" data-element_type=\"widget\" data-e-type=\"widget\" data-widget_type=\"text-editor.default\">\n\t\t\t\t<div class=\"elementor-widget-container\">\n\t\t\t\t\t\t\t\t\t<p><em>Softwares:<\/em><\/p><p><i>Premiere, Audacity, After Effects e Photoshop<\/i><\/p>\t\t\t\t\t\t\t\t<\/div>\n\t\t\t\t<\/div>\n\t\t\t\t\t<\/div>\n\t\t<\/div>\n\t\t\t\t<div class=\"elementor-column elementor-col-50 elementor-top-column elementor-element elementor-element-956c086\" data-id=\"956c086\" data-element_type=\"column\" data-e-type=\"column\">\n\t\t\t<div class=\"elementor-widget-wrap elementor-element-populated\">\n\t\t\t\t\t\t<div class=\"elementor-element elementor-element-d99e3a5 elementor-widget elementor-widget-text-editor\" data-id=\"d99e3a5\" data-element_type=\"widget\" data-e-type=\"widget\" data-widget_type=\"text-editor.default\">\n\t\t\t\t<div class=\"elementor-widget-container\">\n\t\t\t\t\t\t\t\t\t<p><strong>+119k<\/strong> impressions; <strong>+14k<\/strong> views; <strong>+550<\/strong> hours watched, among other metrics showcased on this page.<\/p><p>Audiovisual development showcasing the European underfloor heating system installed by a qualified company in Southern Brazil.<\/p><p>With the aim of presenting all the qualities and benefits, I was responsible for directing and producing the project.<\/p>\t\t\t\t\t\t\t\t<\/div>\n\t\t\t\t<\/div>\n\t\t\t\t\t<\/div>\n\t\t<\/div>\n\t\t\t\t\t<\/div>\n\t\t<\/section>\n\t\t\t\t<section class=\"elementor-section elementor-top-section elementor-element elementor-element-7ec94b7d elementor-section-boxed elementor-section-height-default elementor-section-height-default\" data-id=\"7ec94b7d\" data-element_type=\"section\" data-e-type=\"section\">\n\t\t\t\t\t\t<div class=\"elementor-container elementor-column-gap-default\">\n\t\t\t\t\t<div class=\"elementor-column elementor-col-100 elementor-top-column elementor-element elementor-element-79cf1681\" data-id=\"79cf1681\" data-element_type=\"column\" data-e-type=\"column\">\n\t\t\t<div class=\"elementor-widget-wrap elementor-element-populated\">\n\t\t\t\t\t\t<div class=\"elementor-element elementor-element-0298f30 elementor-widget elementor-widget-video\" data-id=\"0298f30\" data-element_type=\"widget\" data-e-type=\"widget\" data-settings=\"{&quot;youtube_url&quot;:&quot;https:\\\/\\\/youtu.be\\\/pj9BlNAa3Qs&quot;,&quot;autoplay&quot;:&quot;yes&quot;,&quot;loop&quot;:&quot;yes&quot;,&quot;video_type&quot;:&quot;youtube&quot;,&quot;controls&quot;:&quot;yes&quot;}\" data-widget_type=\"video.default\">\n\t\t\t\t<div class=\"elementor-widget-container\">\n\t\t\t\t\t\t\t<div class=\"elementor-wrapper elementor-open-inline\">\n\t\t\t<div class=\"elementor-video\"><\/div>\t\t<\/div>\n\t\t\t\t\t\t<\/div>\n\t\t\t\t<\/div>\n\t\t\t\t<div class=\"elementor-element elementor-element-19f7147f elementor-widget elementor-widget-image\" data-id=\"19f7147f\" data-element_type=\"widget\" data-e-type=\"widget\" data-widget_type=\"image.default\">\n\t\t\t\t<div class=\"elementor-widget-container\">\n\t\t\t\t\t\t\t\t\t\t\t\t\t\t\t<img fetchpriority=\"high\" decoding=\"async\" width=\"1919\" height=\"1056\" src=\"https:\/\/rafaelmeneguzzo.com.br\/wp-content\/uploads\/2023\/12\/producao-audiovisual-3.jpg\" class=\"attachment-full size-full wp-image-7860\" alt=\"\" srcset=\"https:\/\/rafaelmeneguzzo.com.br\/wp-content\/uploads\/2023\/12\/producao-audiovisual-3.jpg 1919w, https:\/\/rafaelmeneguzzo.com.br\/wp-content\/uploads\/2023\/12\/producao-audiovisual-3-1080x594.jpg 1080w, https:\/\/rafaelmeneguzzo.com.br\/wp-content\/uploads\/2023\/12\/producao-audiovisual-3-768x423.jpg 768w, https:\/\/rafaelmeneguzzo.com.br\/wp-content\/uploads\/2023\/12\/producao-audiovisual-3-1536x845.jpg 1536w, https:\/\/rafaelmeneguzzo.com.br\/wp-content\/uploads\/2023\/12\/producao-audiovisual-3-18x10.jpg 18w\" sizes=\"(max-width: 1919px) 100vw, 1919px\" \/>\t\t\t\t\t\t\t\t\t\t\t\t\t\t\t<\/div>\n\t\t\t\t<\/div>\n\t\t\t\t<div class=\"elementor-element elementor-element-2fedffd0 elementor-widget elementor-widget-image\" data-id=\"2fedffd0\" data-element_type=\"widget\" data-e-type=\"widget\" data-widget_type=\"image.default\">\n\t\t\t\t<div class=\"elementor-widget-container\">\n\t\t\t\t\t\t\t\t\t\t\t\t\t\t\t<img decoding=\"async\" width=\"1264\" height=\"490\" src=\"https:\/\/rafaelmeneguzzo.com.br\/wp-content\/uploads\/2023\/12\/analise-0.jpg\" class=\"attachment-full size-full wp-image-7862\" alt=\"\" srcset=\"https:\/\/rafaelmeneguzzo.com.br\/wp-content\/uploads\/2023\/12\/analise-0.jpg 1264w, https:\/\/rafaelmeneguzzo.com.br\/wp-content\/uploads\/2023\/12\/analise-0-1080x419.jpg 1080w, https:\/\/rafaelmeneguzzo.com.br\/wp-content\/uploads\/2023\/12\/analise-0-768x298.jpg 768w, https:\/\/rafaelmeneguzzo.com.br\/wp-content\/uploads\/2023\/12\/analise-0-18x7.jpg 18w\" sizes=\"(max-width: 1264px) 100vw, 1264px\" \/>\t\t\t\t\t\t\t\t\t\t\t\t\t\t\t<\/div>\n\t\t\t\t<\/div>\n\t\t\t\t<div class=\"elementor-element elementor-element-91b03ae elementor-widget elementor-widget-image\" data-id=\"91b03ae\" data-element_type=\"widget\" data-e-type=\"widget\" data-widget_type=\"image.default\">\n\t\t\t\t<div class=\"elementor-widget-container\">\n\t\t\t\t\t\t\t\t\t\t\t\t\t\t\t<img decoding=\"async\" width=\"927\" height=\"627\" src=\"https:\/\/rafaelmeneguzzo.com.br\/wp-content\/uploads\/2023\/12\/analise-2.jpg\" class=\"attachment-full size-full wp-image-7863\" alt=\"\" srcset=\"https:\/\/rafaelmeneguzzo.com.br\/wp-content\/uploads\/2023\/12\/analise-2.jpg 927w, https:\/\/rafaelmeneguzzo.com.br\/wp-content\/uploads\/2023\/12\/analise-2-768x519.jpg 768w, https:\/\/rafaelmeneguzzo.com.br\/wp-content\/uploads\/2023\/12\/analise-2-18x12.jpg 18w\" sizes=\"(max-width: 927px) 100vw, 927px\" \/>\t\t\t\t\t\t\t\t\t\t\t\t\t\t\t<\/div>\n\t\t\t\t<\/div>\n\t\t\t\t<div class=\"elementor-element elementor-element-f8b93b5 elementor-widget elementor-widget-image\" data-id=\"f8b93b5\" data-element_type=\"widget\" data-e-type=\"widget\" data-widget_type=\"image.default\">\n\t\t\t\t<div class=\"elementor-widget-container\">\n\t\t\t\t\t\t\t\t\t\t\t\t\t\t\t<img loading=\"lazy\" decoding=\"async\" width=\"1247\" height=\"384\" src=\"https:\/\/rafaelmeneguzzo.com.br\/wp-content\/uploads\/2023\/12\/analise-3.jpg\" class=\"attachment-full size-full wp-image-7864\" alt=\"\" srcset=\"https:\/\/rafaelmeneguzzo.com.br\/wp-content\/uploads\/2023\/12\/analise-3.jpg 1247w, https:\/\/rafaelmeneguzzo.com.br\/wp-content\/uploads\/2023\/12\/analise-3-1080x333.jpg 1080w, https:\/\/rafaelmeneguzzo.com.br\/wp-content\/uploads\/2023\/12\/analise-3-768x236.jpg 768w, https:\/\/rafaelmeneguzzo.com.br\/wp-content\/uploads\/2023\/12\/analise-3-18x6.jpg 18w\" sizes=\"(max-width: 1247px) 100vw, 1247px\" \/>\t\t\t\t\t\t\t\t\t\t\t\t\t\t\t<\/div>\n\t\t\t\t<\/div>\n\t\t\t\t<div class=\"elementor-element elementor-element-9334a9f elementor-widget elementor-widget-image\" data-id=\"9334a9f\" data-element_type=\"widget\" data-e-type=\"widget\" data-widget_type=\"image.default\">\n\t\t\t\t<div class=\"elementor-widget-container\">\n\t\t\t\t\t\t\t\t\t\t\t\t\t\t\t<img loading=\"lazy\" decoding=\"async\" width=\"1258\" height=\"551\" src=\"https:\/\/rafaelmeneguzzo.com.br\/wp-content\/uploads\/2023\/12\/analise-4.jpg\" class=\"attachment-full size-full wp-image-7865\" alt=\"\" srcset=\"https:\/\/rafaelmeneguzzo.com.br\/wp-content\/uploads\/2023\/12\/analise-4.jpg 1258w, https:\/\/rafaelmeneguzzo.com.br\/wp-content\/uploads\/2023\/12\/analise-4-1080x473.jpg 1080w, https:\/\/rafaelmeneguzzo.com.br\/wp-content\/uploads\/2023\/12\/analise-4-768x336.jpg 768w, https:\/\/rafaelmeneguzzo.com.br\/wp-content\/uploads\/2023\/12\/analise-4-18x8.jpg 18w\" sizes=\"(max-width: 1258px) 100vw, 1258px\" \/>\t\t\t\t\t\t\t\t\t\t\t\t\t\t\t<\/div>\n\t\t\t\t<\/div>\n\t\t\t\t\t<\/div>\n\t\t<\/div>\n\t\t\t\t\t<\/div>\n\t\t<\/section>\n\t\t\t\t<section class=\"elementor-section elementor-top-section elementor-element elementor-element-412df03c elementor-section-boxed elementor-section-height-default elementor-section-height-default\" data-id=\"412df03c\" data-element_type=\"section\" data-e-type=\"section\">\n\t\t\t\t\t\t<div class=\"elementor-container elementor-column-gap-default\">\n\t\t\t\t\t<div class=\"elementor-column elementor-col-100 elementor-top-column elementor-element elementor-element-5d8cace8\" data-id=\"5d8cace8\" data-element_type=\"column\" data-e-type=\"column\">\n\t\t\t<div class=\"elementor-widget-wrap elementor-element-populated\">\n\t\t\t\t\t\t<div class=\"elementor-element elementor-element-c2a9492 elementor-widget elementor-widget-image\" data-id=\"c2a9492\" data-element_type=\"widget\" data-e-type=\"widget\" data-widget_type=\"image.default\">\n\t\t\t\t<div class=\"elementor-widget-container\">\n\t\t\t\t\t\t\t\t\t\t\t\t\t\t\t<img loading=\"lazy\" decoding=\"async\" width=\"1251\" height=\"377\" src=\"https:\/\/rafaelmeneguzzo.com.br\/wp-content\/uploads\/2023\/12\/analise-5.jpg\" class=\"attachment-full size-full wp-image-7866\" alt=\"\" srcset=\"https:\/\/rafaelmeneguzzo.com.br\/wp-content\/uploads\/2023\/12\/analise-5.jpg 1251w, https:\/\/rafaelmeneguzzo.com.br\/wp-content\/uploads\/2023\/12\/analise-5-1080x325.jpg 1080w, https:\/\/rafaelmeneguzzo.com.br\/wp-content\/uploads\/2023\/12\/analise-5-768x231.jpg 768w, https:\/\/rafaelmeneguzzo.com.br\/wp-content\/uploads\/2023\/12\/analise-5-18x5.jpg 18w\" sizes=\"(max-width: 1251px) 100vw, 1251px\" \/>\t\t\t\t\t\t\t\t\t\t\t\t\t\t\t<\/div>\n\t\t\t\t<\/div>\n\t\t\t\t<div class=\"elementor-element elementor-element-cc2bfb6 elementor-mobile-align-center elementor-align-center elementor-widget elementor-widget-button\" data-id=\"cc2bfb6\" data-element_type=\"widget\" data-e-type=\"widget\" data-widget_type=\"button.default\">\n\t\t\t\t<div class=\"elementor-widget-container\">\n\t\t\t\t\t\t\t\t\t<div class=\"elementor-button-wrapper\">\n\t\t\t\t\t<a class=\"elementor-button elementor-button-link elementor-size-xs\" href=\"https:\/\/rafaelmeneguzzo.com.br\/en\/2d\/\" id=\"voltar\">\n\t\t\t\t\t\t<span class=\"elementor-button-content-wrapper\">\n\t\t\t\t\t\t\t\t\t<span class=\"elementor-button-text\">Back<\/span>\n\t\t\t\t\t<\/span>\n\t\t\t\t\t<\/a>\n\t\t\t\t<\/div>\n\t\t\t\t\t\t\t\t<\/div>\n\t\t\t\t<\/div>\n\t\t\t\t\t<\/div>\n\t\t<\/div>\n\t\t\t\t\t<\/div>\n\t\t<\/section>\n\t\t\t\t<\/div>","protected":false},"excerpt":{"rendered":"<p>Produ\u00e7\u00e3o Audiovisual 2021 Softwares: Premiere, Audacity, After Effects e Photoshop +119 mil impress\u00f5es; +14 mil visualiza\u00e7\u00f5es; +550 horas assistidas, dentre outros n\u00fameros apresentados nesta p\u00e1gina. Desenvolvimento audiovisual que demonstrar o sistema europeu de piso aquecido instalado por uma empresa qualificada, no Sul do Brasil. Com o intuito de apresentar todas as qualidades e benef\u00edcios, fui [&hellip;]<\/p>\n","protected":false},"author":1,"featured_media":0,"parent":0,"menu_order":0,"comment_status":"closed","ping_status":"closed","template":"elementor_header_footer","meta":{"footnotes":""},"class_list":["post-7858","page","type-page","status-publish","hentry"],"aioseo_notices":[],"_links":{"self":[{"href":"https:\/\/rafaelmeneguzzo.com.br\/en\/wp-json\/wp\/v2\/pages\/7858","targetHints":{"allow":["GET"]}}],"collection":[{"href":"https:\/\/rafaelmeneguzzo.com.br\/en\/wp-json\/wp\/v2\/pages"}],"about":[{"href":"https:\/\/rafaelmeneguzzo.com.br\/en\/wp-json\/wp\/v2\/types\/page"}],"author":[{"embeddable":true,"href":"https:\/\/rafaelmeneguzzo.com.br\/en\/wp-json\/wp\/v2\/users\/1"}],"replies":[{"embeddable":true,"href":"https:\/\/rafaelmeneguzzo.com.br\/en\/wp-json\/wp\/v2\/comments?post=7858"}],"version-history":[{"count":22,"href":"https:\/\/rafaelmeneguzzo.com.br\/en\/wp-json\/wp\/v2\/pages\/7858\/revisions"}],"predecessor-version":[{"id":8287,"href":"https:\/\/rafaelmeneguzzo.com.br\/en\/wp-json\/wp\/v2\/pages\/7858\/revisions\/8287"}],"wp:attachment":[{"href":"https:\/\/rafaelmeneguzzo.com.br\/en\/wp-json\/wp\/v2\/media?parent=7858"}],"curies":[{"name":"wp","href":"https:\/\/api.w.org\/{rel}","templated":true}]}}