{"id":7824,"date":"2023-12-21T23:02:19","date_gmt":"2023-12-22T02:02:19","guid":{"rendered":"https:\/\/rafaelmeneguzzo.com.br\/?page_id=7824"},"modified":"2023-12-27T13:54:10","modified_gmt":"2023-12-27T16:54:10","slug":"bannerfolio-3","status":"publish","type":"page","link":"https:\/\/rafaelmeneguzzo.com.br\/en\/bannerfolio-3\/","title":{"rendered":"Bannerfolio 3"},"content":{"rendered":"<div data-elementor-type=\"wp-page\" data-elementor-id=\"7824\" class=\"elementor elementor-7824\">\n\t\t\t\t\t\t<section class=\"elementor-section elementor-top-section elementor-element elementor-element-232fdd3 elementor-section-boxed elementor-section-height-default elementor-section-height-default\" data-id=\"232fdd3\" data-element_type=\"section\" data-e-type=\"section\">\n\t\t\t\t\t\t<div class=\"elementor-container elementor-column-gap-default\">\n\t\t\t\t\t<div class=\"elementor-column elementor-col-50 elementor-top-column elementor-element elementor-element-c92b918\" data-id=\"c92b918\" data-element_type=\"column\" data-e-type=\"column\">\n\t\t\t<div class=\"elementor-widget-wrap elementor-element-populated\">\n\t\t\t\t\t\t<div class=\"elementor-element elementor-element-c25d905 elementor-widget elementor-widget-heading\" data-id=\"c25d905\" data-element_type=\"widget\" data-e-type=\"widget\" data-widget_type=\"heading.default\">\n\t\t\t\t<div class=\"elementor-widget-container\">\n\t\t\t\t\t<h2 class=\"elementor-heading-title elementor-size-default\">Bannerfolio 3<\/h2>\t\t\t\t<\/div>\n\t\t\t\t<\/div>\n\t\t\t\t<div class=\"elementor-element elementor-element-c3cd2d9 elementor-widget elementor-widget-text-editor\" data-id=\"c3cd2d9\" data-element_type=\"widget\" data-e-type=\"widget\" data-widget_type=\"text-editor.default\">\n\t\t\t\t<div class=\"elementor-widget-container\">\n\t\t\t\t\t\t\t\t\t<p>2022<\/p>\t\t\t\t\t\t\t\t<\/div>\n\t\t\t\t<\/div>\n\t\t\t\t<div class=\"elementor-element elementor-element-60c896c elementor-widget elementor-widget-text-editor\" data-id=\"60c896c\" data-element_type=\"widget\" data-e-type=\"widget\" data-widget_type=\"text-editor.default\">\n\t\t\t\t<div class=\"elementor-widget-container\">\n\t\t\t\t\t\t\t\t\t<p><em>Softwares:<\/em><\/p><p><i>Photoshop e Illustrator<\/i><\/p>\t\t\t\t\t\t\t\t<\/div>\n\t\t\t\t<\/div>\n\t\t\t\t\t<\/div>\n\t\t<\/div>\n\t\t\t\t<div class=\"elementor-column elementor-col-50 elementor-top-column elementor-element elementor-element-956c086\" data-id=\"956c086\" data-element_type=\"column\" data-e-type=\"column\">\n\t\t\t<div class=\"elementor-widget-wrap elementor-element-populated\">\n\t\t\t\t\t\t<div class=\"elementor-element elementor-element-d99e3a5 elementor-widget elementor-widget-text-editor\" data-id=\"d99e3a5\" data-element_type=\"widget\" data-e-type=\"widget\" data-widget_type=\"text-editor.default\">\n\t\t\t\t<div class=\"elementor-widget-container\">\n\t\t\t\t\t\t\t\t\t<p>Creative development of banners designed for display on e-commerce platforms, aiming to engage the target audience and increase conversion rates.<\/p>\t\t\t\t\t\t\t\t<\/div>\n\t\t\t\t<\/div>\n\t\t\t\t\t<\/div>\n\t\t<\/div>\n\t\t\t\t\t<\/div>\n\t\t<\/section>\n\t\t\t\t<section class=\"elementor-section elementor-top-section elementor-element elementor-element-7ec94b7d elementor-section-boxed elementor-section-height-default elementor-section-height-default\" data-id=\"7ec94b7d\" data-element_type=\"section\" data-e-type=\"section\">\n\t\t\t\t\t\t<div class=\"elementor-container elementor-column-gap-default\">\n\t\t\t\t\t<div class=\"elementor-column elementor-col-100 elementor-top-column elementor-element elementor-element-79cf1681\" data-id=\"79cf1681\" data-element_type=\"column\" data-e-type=\"column\">\n\t\t\t<div class=\"elementor-widget-wrap elementor-element-populated\">\n\t\t\t\t\t\t<div class=\"elementor-element elementor-element-60a294e6 elementor-widget elementor-widget-image\" data-id=\"60a294e6\" data-element_type=\"widget\" data-e-type=\"widget\" data-widget_type=\"image.default\">\n\t\t\t\t<div class=\"elementor-widget-container\">\n\t\t\t\t\t\t\t\t\t\t\t\t\t\t\t<img fetchpriority=\"high\" decoding=\"async\" width=\"2000\" height=\"757\" src=\"https:\/\/rafaelmeneguzzo.com.br\/wp-content\/uploads\/2023\/12\/banner-aquec-agua-1.jpg\" class=\"attachment-full size-full wp-image-7793\" alt=\"\" srcset=\"https:\/\/rafaelmeneguzzo.com.br\/wp-content\/uploads\/2023\/12\/banner-aquec-agua-1.jpg 2000w, https:\/\/rafaelmeneguzzo.com.br\/wp-content\/uploads\/2023\/12\/banner-aquec-agua-1-1080x409.jpg 1080w, https:\/\/rafaelmeneguzzo.com.br\/wp-content\/uploads\/2023\/12\/banner-aquec-agua-1-768x291.jpg 768w, https:\/\/rafaelmeneguzzo.com.br\/wp-content\/uploads\/2023\/12\/banner-aquec-agua-1-1536x581.jpg 1536w, https:\/\/rafaelmeneguzzo.com.br\/wp-content\/uploads\/2023\/12\/banner-aquec-agua-1-18x7.jpg 18w\" sizes=\"(max-width: 2000px) 100vw, 2000px\" \/>\t\t\t\t\t\t\t\t\t\t\t\t\t\t\t<\/div>\n\t\t\t\t<\/div>\n\t\t\t\t<div class=\"elementor-element elementor-element-43c2750 elementor-widget elementor-widget-image\" data-id=\"43c2750\" data-element_type=\"widget\" data-e-type=\"widget\" data-widget_type=\"image.default\">\n\t\t\t\t<div class=\"elementor-widget-container\">\n\t\t\t\t\t\t\t\t\t\t\t\t\t\t\t<img decoding=\"async\" width=\"2000\" height=\"757\" src=\"https:\/\/rafaelmeneguzzo.com.br\/wp-content\/uploads\/2023\/12\/banner-aquec-agua-2.jpg\" class=\"attachment-full size-full wp-image-7794\" alt=\"\" srcset=\"https:\/\/rafaelmeneguzzo.com.br\/wp-content\/uploads\/2023\/12\/banner-aquec-agua-2.jpg 2000w, https:\/\/rafaelmeneguzzo.com.br\/wp-content\/uploads\/2023\/12\/banner-aquec-agua-2-1080x409.jpg 1080w, https:\/\/rafaelmeneguzzo.com.br\/wp-content\/uploads\/2023\/12\/banner-aquec-agua-2-768x291.jpg 768w, https:\/\/rafaelmeneguzzo.com.br\/wp-content\/uploads\/2023\/12\/banner-aquec-agua-2-1536x581.jpg 1536w, https:\/\/rafaelmeneguzzo.com.br\/wp-content\/uploads\/2023\/12\/banner-aquec-agua-2-18x7.jpg 18w\" sizes=\"(max-width: 2000px) 100vw, 2000px\" \/>\t\t\t\t\t\t\t\t\t\t\t\t\t\t\t<\/div>\n\t\t\t\t<\/div>\n\t\t\t\t<div class=\"elementor-element elementor-element-19f7147f elementor-widget elementor-widget-image\" data-id=\"19f7147f\" data-element_type=\"widget\" data-e-type=\"widget\" data-widget_type=\"image.default\">\n\t\t\t\t<div class=\"elementor-widget-container\">\n\t\t\t\t\t\t\t\t\t\t\t\t\t\t\t<img decoding=\"async\" width=\"2000\" height=\"757\" src=\"https:\/\/rafaelmeneguzzo.com.br\/wp-content\/uploads\/2023\/12\/banner-aquec-agua-3.jpg\" class=\"attachment-full size-full wp-image-7795\" alt=\"\" srcset=\"https:\/\/rafaelmeneguzzo.com.br\/wp-content\/uploads\/2023\/12\/banner-aquec-agua-3.jpg 2000w, https:\/\/rafaelmeneguzzo.com.br\/wp-content\/uploads\/2023\/12\/banner-aquec-agua-3-1080x409.jpg 1080w, https:\/\/rafaelmeneguzzo.com.br\/wp-content\/uploads\/2023\/12\/banner-aquec-agua-3-768x291.jpg 768w, https:\/\/rafaelmeneguzzo.com.br\/wp-content\/uploads\/2023\/12\/banner-aquec-agua-3-1536x581.jpg 1536w, https:\/\/rafaelmeneguzzo.com.br\/wp-content\/uploads\/2023\/12\/banner-aquec-agua-3-18x7.jpg 18w\" sizes=\"(max-width: 2000px) 100vw, 2000px\" \/>\t\t\t\t\t\t\t\t\t\t\t\t\t\t\t<\/div>\n\t\t\t\t<\/div>\n\t\t\t\t<div class=\"elementor-element elementor-element-fc66b60 elementor-widget elementor-widget-image\" data-id=\"fc66b60\" data-element_type=\"widget\" data-e-type=\"widget\" data-widget_type=\"image.default\">\n\t\t\t\t<div class=\"elementor-widget-container\">\n\t\t\t\t\t\t\t\t\t\t\t\t\t\t\t<img loading=\"lazy\" decoding=\"async\" width=\"2000\" height=\"757\" src=\"https:\/\/rafaelmeneguzzo.com.br\/wp-content\/uploads\/2023\/12\/banner-aquec-agua-4.jpg\" class=\"attachment-full size-full wp-image-7796\" alt=\"\" srcset=\"https:\/\/rafaelmeneguzzo.com.br\/wp-content\/uploads\/2023\/12\/banner-aquec-agua-4.jpg 2000w, https:\/\/rafaelmeneguzzo.com.br\/wp-content\/uploads\/2023\/12\/banner-aquec-agua-4-1080x409.jpg 1080w, https:\/\/rafaelmeneguzzo.com.br\/wp-content\/uploads\/2023\/12\/banner-aquec-agua-4-768x291.jpg 768w, https:\/\/rafaelmeneguzzo.com.br\/wp-content\/uploads\/2023\/12\/banner-aquec-agua-4-1536x581.jpg 1536w, https:\/\/rafaelmeneguzzo.com.br\/wp-content\/uploads\/2023\/12\/banner-aquec-agua-4-18x7.jpg 18w\" sizes=\"(max-width: 2000px) 100vw, 2000px\" \/>\t\t\t\t\t\t\t\t\t\t\t\t\t\t\t<\/div>\n\t\t\t\t<\/div>\n\t\t\t\t\t<\/div>\n\t\t<\/div>\n\t\t\t\t\t<\/div>\n\t\t<\/section>\n\t\t\t\t<section class=\"elementor-section elementor-top-section elementor-element elementor-element-1a3c3c3 elementor-section-boxed elementor-section-height-default elementor-section-height-default\" data-id=\"1a3c3c3\" data-element_type=\"section\" data-e-type=\"section\">\n\t\t\t\t\t\t<div class=\"elementor-container elementor-column-gap-default\">\n\t\t\t\t\t<div class=\"elementor-column elementor-col-50 elementor-top-column elementor-element elementor-element-dd70c1d\" data-id=\"dd70c1d\" data-element_type=\"column\" data-e-type=\"column\">\n\t\t\t<div class=\"elementor-widget-wrap elementor-element-populated\">\n\t\t\t\t\t\t<div class=\"elementor-element elementor-element-4f39771 elementor-widget elementor-widget-image\" data-id=\"4f39771\" data-element_type=\"widget\" data-e-type=\"widget\" data-widget_type=\"image.default\">\n\t\t\t\t<div class=\"elementor-widget-container\">\n\t\t\t\t\t\t\t\t\t\t\t\t\t\t\t<img loading=\"lazy\" decoding=\"async\" width=\"960\" height=\"830\" src=\"https:\/\/rafaelmeneguzzo.com.br\/wp-content\/uploads\/2023\/12\/banner-aquec-agua-5.jpg\" class=\"attachment-full size-full wp-image-7798\" alt=\"\" srcset=\"https:\/\/rafaelmeneguzzo.com.br\/wp-content\/uploads\/2023\/12\/banner-aquec-agua-5.jpg 960w, https:\/\/rafaelmeneguzzo.com.br\/wp-content\/uploads\/2023\/12\/banner-aquec-agua-5-768x664.jpg 768w, https:\/\/rafaelmeneguzzo.com.br\/wp-content\/uploads\/2023\/12\/banner-aquec-agua-5-14x12.jpg 14w\" sizes=\"(max-width: 960px) 100vw, 960px\" \/>\t\t\t\t\t\t\t\t\t\t\t\t\t\t\t<\/div>\n\t\t\t\t<\/div>\n\t\t\t\t\t<\/div>\n\t\t<\/div>\n\t\t\t\t<div class=\"elementor-column elementor-col-50 elementor-top-column elementor-element elementor-element-975ba40\" data-id=\"975ba40\" data-element_type=\"column\" data-e-type=\"column\">\n\t\t\t<div class=\"elementor-widget-wrap elementor-element-populated\">\n\t\t\t\t\t\t<div class=\"elementor-element elementor-element-9c983a8 elementor-widget elementor-widget-image\" data-id=\"9c983a8\" data-element_type=\"widget\" data-e-type=\"widget\" data-widget_type=\"image.default\">\n\t\t\t\t<div class=\"elementor-widget-container\">\n\t\t\t\t\t\t\t\t\t\t\t\t\t\t\t<img loading=\"lazy\" decoding=\"async\" width=\"960\" height=\"830\" src=\"https:\/\/rafaelmeneguzzo.com.br\/wp-content\/uploads\/2023\/12\/banner-aquec-agua-6.jpg\" class=\"attachment-full size-full wp-image-7799\" alt=\"\" srcset=\"https:\/\/rafaelmeneguzzo.com.br\/wp-content\/uploads\/2023\/12\/banner-aquec-agua-6.jpg 960w, https:\/\/rafaelmeneguzzo.com.br\/wp-content\/uploads\/2023\/12\/banner-aquec-agua-6-768x664.jpg 768w, https:\/\/rafaelmeneguzzo.com.br\/wp-content\/uploads\/2023\/12\/banner-aquec-agua-6-14x12.jpg 14w\" sizes=\"(max-width: 960px) 100vw, 960px\" \/>\t\t\t\t\t\t\t\t\t\t\t\t\t\t\t<\/div>\n\t\t\t\t<\/div>\n\t\t\t\t\t<\/div>\n\t\t<\/div>\n\t\t\t\t\t<\/div>\n\t\t<\/section>\n\t\t\t\t<section class=\"elementor-section elementor-top-section elementor-element elementor-element-ca66c4a elementor-section-boxed elementor-section-height-default elementor-section-height-default\" data-id=\"ca66c4a\" data-element_type=\"section\" data-e-type=\"section\">\n\t\t\t\t\t\t<div class=\"elementor-container elementor-column-gap-default\">\n\t\t\t\t\t<div class=\"elementor-column elementor-col-50 elementor-top-column elementor-element elementor-element-2ee5beb\" data-id=\"2ee5beb\" data-element_type=\"column\" data-e-type=\"column\">\n\t\t\t<div class=\"elementor-widget-wrap elementor-element-populated\">\n\t\t\t\t\t\t<div class=\"elementor-element elementor-element-b0198ea elementor-widget elementor-widget-image\" data-id=\"b0198ea\" data-element_type=\"widget\" data-e-type=\"widget\" data-widget_type=\"image.default\">\n\t\t\t\t<div class=\"elementor-widget-container\">\n\t\t\t\t\t\t\t\t\t\t\t\t\t\t\t<img loading=\"lazy\" decoding=\"async\" width=\"960\" height=\"830\" src=\"https:\/\/rafaelmeneguzzo.com.br\/wp-content\/uploads\/2023\/12\/banner-aquec-agua-7.jpg\" class=\"attachment-full size-full wp-image-7800\" alt=\"\" srcset=\"https:\/\/rafaelmeneguzzo.com.br\/wp-content\/uploads\/2023\/12\/banner-aquec-agua-7.jpg 960w, https:\/\/rafaelmeneguzzo.com.br\/wp-content\/uploads\/2023\/12\/banner-aquec-agua-7-768x664.jpg 768w, https:\/\/rafaelmeneguzzo.com.br\/wp-content\/uploads\/2023\/12\/banner-aquec-agua-7-14x12.jpg 14w\" sizes=\"(max-width: 960px) 100vw, 960px\" \/>\t\t\t\t\t\t\t\t\t\t\t\t\t\t\t<\/div>\n\t\t\t\t<\/div>\n\t\t\t\t\t<\/div>\n\t\t<\/div>\n\t\t\t\t<div class=\"elementor-column elementor-col-50 elementor-top-column elementor-element elementor-element-8537f23\" data-id=\"8537f23\" data-element_type=\"column\" data-e-type=\"column\">\n\t\t\t<div class=\"elementor-widget-wrap elementor-element-populated\">\n\t\t\t\t\t\t<div class=\"elementor-element elementor-element-df7ad9d elementor-widget elementor-widget-image\" data-id=\"df7ad9d\" data-element_type=\"widget\" data-e-type=\"widget\" data-widget_type=\"image.default\">\n\t\t\t\t<div class=\"elementor-widget-container\">\n\t\t\t\t\t\t\t\t\t\t\t\t\t\t\t<img loading=\"lazy\" decoding=\"async\" width=\"960\" height=\"830\" src=\"https:\/\/rafaelmeneguzzo.com.br\/wp-content\/uploads\/2023\/12\/banner-aquec-agua-8.jpg\" class=\"attachment-full size-full wp-image-7801\" alt=\"\" srcset=\"https:\/\/rafaelmeneguzzo.com.br\/wp-content\/uploads\/2023\/12\/banner-aquec-agua-8.jpg 960w, https:\/\/rafaelmeneguzzo.com.br\/wp-content\/uploads\/2023\/12\/banner-aquec-agua-8-768x664.jpg 768w, https:\/\/rafaelmeneguzzo.com.br\/wp-content\/uploads\/2023\/12\/banner-aquec-agua-8-14x12.jpg 14w\" sizes=\"(max-width: 960px) 100vw, 960px\" \/>\t\t\t\t\t\t\t\t\t\t\t\t\t\t\t<\/div>\n\t\t\t\t<\/div>\n\t\t\t\t\t<\/div>\n\t\t<\/div>\n\t\t\t\t\t<\/div>\n\t\t<\/section>\n\t\t\t\t<section class=\"elementor-section elementor-top-section elementor-element elementor-element-c5cdcc2 elementor-section-boxed elementor-section-height-default elementor-section-height-default\" data-id=\"c5cdcc2\" data-element_type=\"section\" data-e-type=\"section\">\n\t\t\t\t\t\t<div class=\"elementor-container elementor-column-gap-default\">\n\t\t\t\t\t<div class=\"elementor-column elementor-col-100 elementor-top-column elementor-element elementor-element-aa47058\" data-id=\"aa47058\" data-element_type=\"column\" data-e-type=\"column\">\n\t\t\t<div class=\"elementor-widget-wrap elementor-element-populated\">\n\t\t\t\t\t\t<div class=\"elementor-element elementor-element-19f53ee elementor-mobile-align-center elementor-align-center elementor-widget elementor-widget-button\" data-id=\"19f53ee\" data-element_type=\"widget\" data-e-type=\"widget\" data-widget_type=\"button.default\">\n\t\t\t\t<div class=\"elementor-widget-container\">\n\t\t\t\t\t\t\t\t\t<div class=\"elementor-button-wrapper\">\n\t\t\t\t\t<a class=\"elementor-button elementor-button-link elementor-size-xs\" href=\"https:\/\/rafaelmeneguzzo.com.br\/en\/2d\/\" id=\"voltar\">\n\t\t\t\t\t\t<span class=\"elementor-button-content-wrapper\">\n\t\t\t\t\t\t\t\t\t<span class=\"elementor-button-text\">Back<\/span>\n\t\t\t\t\t<\/span>\n\t\t\t\t\t<\/a>\n\t\t\t\t<\/div>\n\t\t\t\t\t\t\t\t<\/div>\n\t\t\t\t<\/div>\n\t\t\t\t\t<\/div>\n\t\t<\/div>\n\t\t\t\t\t<\/div>\n\t\t<\/section>\n\t\t\t\t<\/div>","protected":false},"excerpt":{"rendered":"<p>Bannerf\u00f3lio 3 2022 Softwares: Photoshop e Illustrator Desenvolvimento criativo de banners para serem veiculados em e-commerces, a fim de conversar com o p\u00fablico-alvo e aumentar o n\u00famero de obter convers\u00f5es. Voltar<\/p>","protected":false},"author":1,"featured_media":0,"parent":0,"menu_order":0,"comment_status":"closed","ping_status":"closed","template":"elementor_header_footer","meta":{"footnotes":""},"class_list":["post-7824","page","type-page","status-publish","hentry"],"aioseo_notices":[],"_links":{"self":[{"href":"https:\/\/rafaelmeneguzzo.com.br\/en\/wp-json\/wp\/v2\/pages\/7824","targetHints":{"allow":["GET"]}}],"collection":[{"href":"https:\/\/rafaelmeneguzzo.com.br\/en\/wp-json\/wp\/v2\/pages"}],"about":[{"href":"https:\/\/rafaelmeneguzzo.com.br\/en\/wp-json\/wp\/v2\/types\/page"}],"author":[{"embeddable":true,"href":"https:\/\/rafaelmeneguzzo.com.br\/en\/wp-json\/wp\/v2\/users\/1"}],"replies":[{"embeddable":true,"href":"https:\/\/rafaelmeneguzzo.com.br\/en\/wp-json\/wp\/v2\/comments?post=7824"}],"version-history":[{"count":10,"href":"https:\/\/rafaelmeneguzzo.com.br\/en\/wp-json\/wp\/v2\/pages\/7824\/revisions"}],"predecessor-version":[{"id":8353,"href":"https:\/\/rafaelmeneguzzo.com.br\/en\/wp-json\/wp\/v2\/pages\/7824\/revisions\/8353"}],"wp:attachment":[{"href":"https:\/\/rafaelmeneguzzo.com.br\/en\/wp-json\/wp\/v2\/media?parent=7824"}],"curies":[{"name":"wp","href":"https:\/\/api.w.org\/{rel}","templated":true}]}}