{"id":7797,"date":"2023-12-21T22:50:18","date_gmt":"2023-12-22T01:50:18","guid":{"rendered":"https:\/\/rafaelmeneguzzo.com.br\/?page_id=7797"},"modified":"2023-12-27T13:53:53","modified_gmt":"2023-12-27T16:53:53","slug":"bannerfolio-1","status":"publish","type":"page","link":"https:\/\/rafaelmeneguzzo.com.br\/en\/bannerfolio-1\/","title":{"rendered":"Bannerfolio 1"},"content":{"rendered":"<div data-elementor-type=\"wp-page\" data-elementor-id=\"7797\" class=\"elementor elementor-7797\">\n\t\t\t\t\t\t<section class=\"elementor-section elementor-top-section elementor-element elementor-element-232fdd3 elementor-section-boxed elementor-section-height-default elementor-section-height-default\" data-id=\"232fdd3\" data-element_type=\"section\" data-e-type=\"section\">\n\t\t\t\t\t\t<div class=\"elementor-container elementor-column-gap-default\">\n\t\t\t\t\t<div class=\"elementor-column elementor-col-50 elementor-top-column elementor-element elementor-element-c92b918\" data-id=\"c92b918\" data-element_type=\"column\" data-e-type=\"column\">\n\t\t\t<div class=\"elementor-widget-wrap elementor-element-populated\">\n\t\t\t\t\t\t<div class=\"elementor-element elementor-element-c25d905 elementor-widget elementor-widget-heading\" data-id=\"c25d905\" data-element_type=\"widget\" data-e-type=\"widget\" data-widget_type=\"heading.default\">\n\t\t\t\t<div class=\"elementor-widget-container\">\n\t\t\t\t\t<h2 class=\"elementor-heading-title elementor-size-default\">Bannerfolio 1<\/h2>\t\t\t\t<\/div>\n\t\t\t\t<\/div>\n\t\t\t\t<div class=\"elementor-element elementor-element-c3cd2d9 elementor-widget elementor-widget-text-editor\" data-id=\"c3cd2d9\" data-element_type=\"widget\" data-e-type=\"widget\" data-widget_type=\"text-editor.default\">\n\t\t\t\t<div class=\"elementor-widget-container\">\n\t\t\t\t\t\t\t\t\t<p>2022<\/p>\t\t\t\t\t\t\t\t<\/div>\n\t\t\t\t<\/div>\n\t\t\t\t<div class=\"elementor-element elementor-element-60c896c elementor-widget elementor-widget-text-editor\" data-id=\"60c896c\" data-element_type=\"widget\" data-e-type=\"widget\" data-widget_type=\"text-editor.default\">\n\t\t\t\t<div class=\"elementor-widget-container\">\n\t\t\t\t\t\t\t\t\t<p><em>Softwares:<\/em><\/p><p><i>Photoshop e Illustrator<\/i><\/p>\t\t\t\t\t\t\t\t<\/div>\n\t\t\t\t<\/div>\n\t\t\t\t\t<\/div>\n\t\t<\/div>\n\t\t\t\t<div class=\"elementor-column elementor-col-50 elementor-top-column elementor-element elementor-element-956c086\" data-id=\"956c086\" data-element_type=\"column\" data-e-type=\"column\">\n\t\t\t<div class=\"elementor-widget-wrap elementor-element-populated\">\n\t\t\t\t\t\t<div class=\"elementor-element elementor-element-d99e3a5 elementor-widget elementor-widget-text-editor\" data-id=\"d99e3a5\" data-element_type=\"widget\" data-e-type=\"widget\" data-widget_type=\"text-editor.default\">\n\t\t\t\t<div class=\"elementor-widget-container\">\n\t\t\t\t\t\t\t\t\t<p>Creative development of banners designed for display on e-commerce platforms, aiming to engage the target audience and increase conversion rates.<\/p>\t\t\t\t\t\t\t\t<\/div>\n\t\t\t\t<\/div>\n\t\t\t\t\t<\/div>\n\t\t<\/div>\n\t\t\t\t\t<\/div>\n\t\t<\/section>\n\t\t\t\t<section class=\"elementor-section elementor-top-section elementor-element elementor-element-7ec94b7d elementor-section-boxed elementor-section-height-default elementor-section-height-default\" data-id=\"7ec94b7d\" data-element_type=\"section\" data-e-type=\"section\">\n\t\t\t\t\t\t<div class=\"elementor-container elementor-column-gap-default\">\n\t\t\t\t\t<div class=\"elementor-column elementor-col-100 elementor-top-column elementor-element elementor-element-79cf1681\" data-id=\"79cf1681\" data-element_type=\"column\" data-e-type=\"column\">\n\t\t\t<div class=\"elementor-widget-wrap elementor-element-populated\">\n\t\t\t\t\t\t<div class=\"elementor-element elementor-element-60a294e6 elementor-widget elementor-widget-image\" data-id=\"60a294e6\" data-element_type=\"widget\" data-e-type=\"widget\" data-widget_type=\"image.default\">\n\t\t\t\t<div class=\"elementor-widget-container\">\n\t\t\t\t\t\t\t\t\t\t\t\t\t\t\t<img fetchpriority=\"high\" decoding=\"async\" width=\"1920\" height=\"567\" src=\"https:\/\/rafaelmeneguzzo.com.br\/wp-content\/uploads\/2023\/12\/Pro-N-Desk.jpg\" class=\"attachment-full size-full wp-image-7772\" alt=\"\" srcset=\"https:\/\/rafaelmeneguzzo.com.br\/wp-content\/uploads\/2023\/12\/Pro-N-Desk.jpg 1920w, https:\/\/rafaelmeneguzzo.com.br\/wp-content\/uploads\/2023\/12\/Pro-N-Desk-1080x319.jpg 1080w, https:\/\/rafaelmeneguzzo.com.br\/wp-content\/uploads\/2023\/12\/Pro-N-Desk-768x227.jpg 768w, https:\/\/rafaelmeneguzzo.com.br\/wp-content\/uploads\/2023\/12\/Pro-N-Desk-1536x454.jpg 1536w, https:\/\/rafaelmeneguzzo.com.br\/wp-content\/uploads\/2023\/12\/Pro-N-Desk-18x5.jpg 18w\" sizes=\"(max-width: 1920px) 100vw, 1920px\" \/>\t\t\t\t\t\t\t\t\t\t\t\t\t\t\t<\/div>\n\t\t\t\t<\/div>\n\t\t\t\t<div class=\"elementor-element elementor-element-19f7147f elementor-widget elementor-widget-image\" data-id=\"19f7147f\" data-element_type=\"widget\" data-e-type=\"widget\" data-widget_type=\"image.default\">\n\t\t\t\t<div class=\"elementor-widget-container\">\n\t\t\t\t\t\t\t\t\t\t\t\t\t\t\t<img decoding=\"async\" width=\"1920\" height=\"567\" src=\"https:\/\/rafaelmeneguzzo.com.br\/wp-content\/uploads\/2023\/12\/Quarto-de-Bebe-Desk.jpg\" class=\"attachment-full size-full wp-image-7774\" alt=\"\" srcset=\"https:\/\/rafaelmeneguzzo.com.br\/wp-content\/uploads\/2023\/12\/Quarto-de-Bebe-Desk.jpg 1920w, https:\/\/rafaelmeneguzzo.com.br\/wp-content\/uploads\/2023\/12\/Quarto-de-Bebe-Desk-1080x319.jpg 1080w, https:\/\/rafaelmeneguzzo.com.br\/wp-content\/uploads\/2023\/12\/Quarto-de-Bebe-Desk-768x227.jpg 768w, https:\/\/rafaelmeneguzzo.com.br\/wp-content\/uploads\/2023\/12\/Quarto-de-Bebe-Desk-1536x454.jpg 1536w, https:\/\/rafaelmeneguzzo.com.br\/wp-content\/uploads\/2023\/12\/Quarto-de-Bebe-Desk-18x5.jpg 18w\" sizes=\"(max-width: 1920px) 100vw, 1920px\" \/>\t\t\t\t\t\t\t\t\t\t\t\t\t\t\t<\/div>\n\t\t\t\t<\/div>\n\t\t\t\t<div class=\"elementor-element elementor-element-2fedffd0 elementor-widget elementor-widget-image\" data-id=\"2fedffd0\" data-element_type=\"widget\" data-e-type=\"widget\" data-widget_type=\"image.default\">\n\t\t\t\t<div class=\"elementor-widget-container\">\n\t\t\t\t\t\t\t\t\t\t\t\t\t\t\t<img decoding=\"async\" width=\"1920\" height=\"567\" src=\"https:\/\/rafaelmeneguzzo.com.br\/wp-content\/uploads\/2023\/12\/Sala-Escura-Desk.jpg\" class=\"attachment-full size-full wp-image-7776\" alt=\"\" srcset=\"https:\/\/rafaelmeneguzzo.com.br\/wp-content\/uploads\/2023\/12\/Sala-Escura-Desk.jpg 1920w, https:\/\/rafaelmeneguzzo.com.br\/wp-content\/uploads\/2023\/12\/Sala-Escura-Desk-1080x319.jpg 1080w, https:\/\/rafaelmeneguzzo.com.br\/wp-content\/uploads\/2023\/12\/Sala-Escura-Desk-768x227.jpg 768w, https:\/\/rafaelmeneguzzo.com.br\/wp-content\/uploads\/2023\/12\/Sala-Escura-Desk-1536x454.jpg 1536w, https:\/\/rafaelmeneguzzo.com.br\/wp-content\/uploads\/2023\/12\/Sala-Escura-Desk-18x5.jpg 18w\" sizes=\"(max-width: 1920px) 100vw, 1920px\" \/>\t\t\t\t\t\t\t\t\t\t\t\t\t\t\t<\/div>\n\t\t\t\t<\/div>\n\t\t\t\t\t<\/div>\n\t\t<\/div>\n\t\t\t\t\t<\/div>\n\t\t<\/section>\n\t\t\t\t<section class=\"elementor-section elementor-top-section elementor-element elementor-element-412df03c elementor-section-boxed elementor-section-height-default elementor-section-height-default\" data-id=\"412df03c\" data-element_type=\"section\" data-e-type=\"section\">\n\t\t\t\t\t\t<div class=\"elementor-container elementor-column-gap-default\">\n\t\t\t\t\t<div class=\"elementor-column elementor-col-33 elementor-top-column elementor-element elementor-element-5d8cace8\" data-id=\"5d8cace8\" data-element_type=\"column\" data-e-type=\"column\">\n\t\t\t<div class=\"elementor-widget-wrap elementor-element-populated\">\n\t\t\t\t\t\t<div class=\"elementor-element elementor-element-c2a9492 elementor-widget elementor-widget-image\" data-id=\"c2a9492\" data-element_type=\"widget\" data-e-type=\"widget\" data-widget_type=\"image.default\">\n\t\t\t\t<div class=\"elementor-widget-container\">\n\t\t\t\t\t\t\t\t\t\t\t\t\t\t\t<img loading=\"lazy\" decoding=\"async\" width=\"1080\" height=\"1080\" src=\"https:\/\/rafaelmeneguzzo.com.br\/wp-content\/uploads\/2023\/12\/Pro-N-Mobile.jpg\" class=\"attachment-full size-full wp-image-7773\" alt=\"\" srcset=\"https:\/\/rafaelmeneguzzo.com.br\/wp-content\/uploads\/2023\/12\/Pro-N-Mobile.jpg 1080w, https:\/\/rafaelmeneguzzo.com.br\/wp-content\/uploads\/2023\/12\/Pro-N-Mobile-275x275.jpg 275w, https:\/\/rafaelmeneguzzo.com.br\/wp-content\/uploads\/2023\/12\/Pro-N-Mobile-768x768.jpg 768w, https:\/\/rafaelmeneguzzo.com.br\/wp-content\/uploads\/2023\/12\/Pro-N-Mobile-12x12.jpg 12w\" sizes=\"(max-width: 1080px) 100vw, 1080px\" \/>\t\t\t\t\t\t\t\t\t\t\t\t\t\t\t<\/div>\n\t\t\t\t<\/div>\n\t\t\t\t\t<\/div>\n\t\t<\/div>\n\t\t\t\t<div class=\"elementor-column elementor-col-33 elementor-top-column elementor-element elementor-element-9ffac6d\" data-id=\"9ffac6d\" data-element_type=\"column\" data-e-type=\"column\">\n\t\t\t<div class=\"elementor-widget-wrap elementor-element-populated\">\n\t\t\t\t\t\t<div class=\"elementor-element elementor-element-362a720 elementor-widget elementor-widget-image\" data-id=\"362a720\" data-element_type=\"widget\" data-e-type=\"widget\" data-widget_type=\"image.default\">\n\t\t\t\t<div class=\"elementor-widget-container\">\n\t\t\t\t\t\t\t\t\t\t\t\t\t\t\t<img loading=\"lazy\" decoding=\"async\" width=\"1080\" height=\"1080\" src=\"https:\/\/rafaelmeneguzzo.com.br\/wp-content\/uploads\/2023\/12\/Quarto-de-Bebe-mobile.jpg\" class=\"attachment-full size-full wp-image-7775\" alt=\"\" srcset=\"https:\/\/rafaelmeneguzzo.com.br\/wp-content\/uploads\/2023\/12\/Quarto-de-Bebe-mobile.jpg 1080w, https:\/\/rafaelmeneguzzo.com.br\/wp-content\/uploads\/2023\/12\/Quarto-de-Bebe-mobile-275x275.jpg 275w, https:\/\/rafaelmeneguzzo.com.br\/wp-content\/uploads\/2023\/12\/Quarto-de-Bebe-mobile-768x768.jpg 768w, https:\/\/rafaelmeneguzzo.com.br\/wp-content\/uploads\/2023\/12\/Quarto-de-Bebe-mobile-12x12.jpg 12w\" sizes=\"(max-width: 1080px) 100vw, 1080px\" \/>\t\t\t\t\t\t\t\t\t\t\t\t\t\t\t<\/div>\n\t\t\t\t<\/div>\n\t\t\t\t\t<\/div>\n\t\t<\/div>\n\t\t\t\t<div class=\"elementor-column elementor-col-33 elementor-top-column elementor-element elementor-element-7c28ad1\" data-id=\"7c28ad1\" data-element_type=\"column\" data-e-type=\"column\">\n\t\t\t<div class=\"elementor-widget-wrap elementor-element-populated\">\n\t\t\t\t\t\t<div class=\"elementor-element elementor-element-7696efa elementor-widget elementor-widget-image\" data-id=\"7696efa\" data-element_type=\"widget\" data-e-type=\"widget\" data-widget_type=\"image.default\">\n\t\t\t\t<div class=\"elementor-widget-container\">\n\t\t\t\t\t\t\t\t\t\t\t\t\t\t\t<img loading=\"lazy\" decoding=\"async\" width=\"1080\" height=\"1080\" src=\"https:\/\/rafaelmeneguzzo.com.br\/wp-content\/uploads\/2023\/12\/Sala-Escura-Mobile.jpg\" class=\"attachment-full size-full wp-image-7777\" alt=\"\" srcset=\"https:\/\/rafaelmeneguzzo.com.br\/wp-content\/uploads\/2023\/12\/Sala-Escura-Mobile.jpg 1080w, https:\/\/rafaelmeneguzzo.com.br\/wp-content\/uploads\/2023\/12\/Sala-Escura-Mobile-275x275.jpg 275w, https:\/\/rafaelmeneguzzo.com.br\/wp-content\/uploads\/2023\/12\/Sala-Escura-Mobile-768x768.jpg 768w, https:\/\/rafaelmeneguzzo.com.br\/wp-content\/uploads\/2023\/12\/Sala-Escura-Mobile-12x12.jpg 12w\" sizes=\"(max-width: 1080px) 100vw, 1080px\" \/>\t\t\t\t\t\t\t\t\t\t\t\t\t\t\t<\/div>\n\t\t\t\t<\/div>\n\t\t\t\t\t<\/div>\n\t\t<\/div>\n\t\t\t\t\t<\/div>\n\t\t<\/section>\n\t\t\t\t<section class=\"elementor-section elementor-top-section elementor-element elementor-element-04e0c3a elementor-section-boxed elementor-section-height-default elementor-section-height-default\" data-id=\"04e0c3a\" data-element_type=\"section\" data-e-type=\"section\">\n\t\t\t\t\t\t<div class=\"elementor-container elementor-column-gap-default\">\n\t\t\t\t\t<div class=\"elementor-column elementor-col-100 elementor-top-column elementor-element elementor-element-8f598d4\" data-id=\"8f598d4\" data-element_type=\"column\" data-e-type=\"column\">\n\t\t\t<div class=\"elementor-widget-wrap elementor-element-populated\">\n\t\t\t\t\t\t<div class=\"elementor-element elementor-element-b9e5866 elementor-mobile-align-center elementor-align-center elementor-widget elementor-widget-button\" data-id=\"b9e5866\" data-element_type=\"widget\" data-e-type=\"widget\" data-widget_type=\"button.default\">\n\t\t\t\t<div class=\"elementor-widget-container\">\n\t\t\t\t\t\t\t\t\t<div class=\"elementor-button-wrapper\">\n\t\t\t\t\t<a class=\"elementor-button elementor-button-link elementor-size-xs\" href=\"https:\/\/rafaelmeneguzzo.com.br\/en\/2d\/\" id=\"voltar\">\n\t\t\t\t\t\t<span class=\"elementor-button-content-wrapper\">\n\t\t\t\t\t\t\t\t\t<span class=\"elementor-button-text\">Back<\/span>\n\t\t\t\t\t<\/span>\n\t\t\t\t\t<\/a>\n\t\t\t\t<\/div>\n\t\t\t\t\t\t\t\t<\/div>\n\t\t\t\t<\/div>\n\t\t\t\t\t<\/div>\n\t\t<\/div>\n\t\t\t\t\t<\/div>\n\t\t<\/section>\n\t\t\t\t<\/div>","protected":false},"excerpt":{"rendered":"<p>Bannerf\u00f3lio 1 2022 Softwares: Photoshop e Illustrator Desenvolvimento criativo de banners para serem veiculados em e-commerces, a fim de conversar com o p\u00fablico-alvo e aumentar o n\u00famero de obter convers\u00f5es. Voltar<\/p>","protected":false},"author":1,"featured_media":0,"parent":0,"menu_order":0,"comment_status":"closed","ping_status":"closed","template":"elementor_header_footer","meta":{"footnotes":""},"class_list":["post-7797","page","type-page","status-publish","hentry"],"aioseo_notices":[],"_links":{"self":[{"href":"https:\/\/rafaelmeneguzzo.com.br\/en\/wp-json\/wp\/v2\/pages\/7797","targetHints":{"allow":["GET"]}}],"collection":[{"href":"https:\/\/rafaelmeneguzzo.com.br\/en\/wp-json\/wp\/v2\/pages"}],"about":[{"href":"https:\/\/rafaelmeneguzzo.com.br\/en\/wp-json\/wp\/v2\/types\/page"}],"author":[{"embeddable":true,"href":"https:\/\/rafaelmeneguzzo.com.br\/en\/wp-json\/wp\/v2\/users\/1"}],"replies":[{"embeddable":true,"href":"https:\/\/rafaelmeneguzzo.com.br\/en\/wp-json\/wp\/v2\/comments?post=7797"}],"version-history":[{"count":17,"href":"https:\/\/rafaelmeneguzzo.com.br\/en\/wp-json\/wp\/v2\/pages\/7797\/revisions"}],"predecessor-version":[{"id":8347,"href":"https:\/\/rafaelmeneguzzo.com.br\/en\/wp-json\/wp\/v2\/pages\/7797\/revisions\/8347"}],"wp:attachment":[{"href":"https:\/\/rafaelmeneguzzo.com.br\/en\/wp-json\/wp\/v2\/media?parent=7797"}],"curies":[{"name":"wp","href":"https:\/\/api.w.org\/{rel}","templated":true}]}}